{"id":1672,"date":"2024-08-19T18:06:59","date_gmt":"2024-08-19T16:06:59","guid":{"rendered":"http:\/\/investigacion.une.edu.py\/inves\/?page_id=1672"},"modified":"2025-04-04T08:49:48","modified_gmt":"2025-04-04T11:49:48","slug":"concitune","status":"publish","type":"page","link":"http:\/\/investigacion.une.edu.py\/?page_id=1672","title":{"rendered":"Concitune"},"content":{"rendered":"\t\t<div data-elementor-type=\"wp-page\" data-elementor-id=\"1672\" class=\"elementor elementor-1672\" data-elementor-post-type=\"page\">\n\t\t\t\t<div class=\"elementor-element elementor-element-cedca29 e-flex e-con-boxed e-con e-parent\" data-id=\"cedca29\" data-element_type=\"container\" data-settings=\"{&quot;background_background&quot;:&quot;classic&quot;}\">\n\t\t\t\t\t<div class=\"e-con-inner\">\n\t\t\t\t<div class=\"elementor-element elementor-element-b2f7ca3 elementor-widget elementor-widget-heading\" data-id=\"b2f7ca3\" data-element_type=\"widget\" data-widget_type=\"heading.default\">\n\t\t\t\t<div class=\"elementor-widget-container\">\n\t\t\t\t\t<h1 class=\"elementor-heading-title elementor-size-default\">CONCITUNE<\/h1>\t\t\t\t<\/div>\n\t\t\t\t<\/div>\n\t\t\t\t\t<\/div>\n\t\t\t\t<\/div>\n\t\t<div class=\"elementor-element elementor-element-30ea197 e-flex e-con-boxed e-con e-parent\" data-id=\"30ea197\" data-element_type=\"container\">\n\t\t\t\t\t<div class=\"e-con-inner\">\n\t\t\t\t\t<\/div>\n\t\t\t\t<\/div>\n\t\t<div class=\"elementor-element elementor-element-d27d3c8 e-flex e-con-boxed e-con e-parent\" data-id=\"d27d3c8\" data-element_type=\"container\">\n\t\t\t\t\t<div class=\"e-con-inner\">\n\t\t\t\t<div class=\"elementor-element elementor-element-7b98bc4 elementor-widget elementor-widget-text-editor\" data-id=\"7b98bc4\" data-element_type=\"widget\" data-widget_type=\"text-editor.default\">\n\t\t\t\t<div class=\"elementor-widget-container\">\n\t\t\t\t\t\t\t\t\t<div><div class=\"row align-items-center\"><h4 class=\"mt-4 mt-lg-0 mb-3\"><strong>Consejo de Ciencia Tecnolog\u00eda e Innovaci\u00f3n de la UNE<\/strong><\/h4><p>Considerando la investigaci\u00f3n y la innovaci\u00f3n como los pilares sobre la cual se asienta el fin de la universidad; el 26 de noviembre del 2015 el Consejo Superior Universitario por Resoluci\u00f3n 201\/2015 aprob\u00f3 la creaci\u00f3n y reglamentaci\u00f3n del Consejo de Ciencia, Tecnolog\u00eda e Innovaci\u00f3n de la Universidad Nacional del Este CONCITUNE.<\/p><p>Es consejo integrado por Decanos de las Facultades y Directores de Escuelas, tiene como objetivo principal, asesorar al Rector en el est\u00edmulo y promoci\u00f3n de la investigaci\u00f3n cient\u00edfica y tecnol\u00f3gica, la generaci\u00f3n, difusi\u00f3n y transferencia de conocimiento, la invenci\u00f3n, la innovaci\u00f3n, la educaci\u00f3n cient\u00edfica y tecnol\u00f3gica, el desarrollo de tecnolog\u00edas y la correspondiente gesti\u00f3n.<\/p><\/div><\/div>\t\t\t\t\t\t\t\t<\/div>\n\t\t\t\t<\/div>\n\t\t\t\t\t<\/div>\n\t\t\t\t<\/div>\n\t\t<div class=\"elementor-element elementor-element-c1c601c e-flex e-con-boxed e-con e-parent\" data-id=\"c1c601c\" data-element_type=\"container\">\n\t\t\t\t\t<div class=\"e-con-inner\">\n\t\t<div class=\"elementor-element elementor-element-48238e3 e-con-full e-flex e-con e-child\" data-id=\"48238e3\" data-element_type=\"container\">\n\t\t\t\t<div class=\"elementor-element elementor-element-ae46ea0 elementor-widget elementor-widget-heading\" data-id=\"ae46ea0\" data-element_type=\"widget\" data-widget_type=\"heading.default\">\n\t\t\t\t<div class=\"elementor-widget-container\">\n\t\t\t\t\t<h3 class=\"elementor-heading-title elementor-size-default\">Miembros<\/h3>\t\t\t\t<\/div>\n\t\t\t\t<\/div>\n\t\t\t\t<\/div>\n\t\t\t\t\t<\/div>\n\t\t\t\t<\/div>\n\t\t<div class=\"elementor-element elementor-element-680544c e-flex e-con-boxed e-con e-parent\" data-id=\"680544c\" data-element_type=\"container\">\n\t\t\t\t\t<div class=\"e-con-inner\">\n\t\t<div class=\"elementor-element elementor-element-a40118c e-con-full e-flex e-con e-child\" data-id=\"a40118c\" data-element_type=\"container\">\n\t\t\t\t<div class=\"elementor-element elementor-element-11ae58d elementor-widget elementor-widget-image\" data-id=\"11ae58d\" data-element_type=\"widget\" data-widget_type=\"image.default\">\n\t\t\t\t<div class=\"elementor-widget-container\">\n\t\t\t\t\t\t\t\t\t\t\t\t\t\t\t<img decoding=\"async\" width=\"150\" height=\"150\" src=\"http:\/\/investigacion.une.edu.py\/wp-content\/uploads\/2025\/03\/vice-meurio-150x150.jpeg\" class=\"attachment-thumbnail size-thumbnail wp-image-2564\" alt=\"\" srcset=\"http:\/\/investigacion.une.edu.py\/wp-content\/uploads\/2025\/03\/vice-meurio-150x150.jpeg 150w, http:\/\/investigacion.une.edu.py\/wp-content\/uploads\/2025\/03\/vice-meurio-300x300.jpeg 300w, http:\/\/investigacion.une.edu.py\/wp-content\/uploads\/2025\/03\/vice-meurio-1024x1024.jpeg 1024w, http:\/\/investigacion.une.edu.py\/wp-content\/uploads\/2025\/03\/vice-meurio-768x768.jpeg 768w, http:\/\/investigacion.une.edu.py\/wp-content\/uploads\/2025\/03\/vice-meurio.jpeg 1400w\" sizes=\"(max-width: 150px) 100vw, 150px\" \/>\t\t\t\t\t\t\t\t\t\t\t\t\t\t\t<\/div>\n\t\t\t\t<\/div>\n\t\t\t\t<div class=\"elementor-element elementor-element-6c35327 elementor-widget elementor-widget-text-editor\" data-id=\"6c35327\" data-element_type=\"widget\" data-widget_type=\"text-editor.default\">\n\t\t\t\t<div class=\"elementor-widget-container\">\n\t\t\t\t\t\t\t\t\t<p style=\"text-align: center;\">Dr. Julio C\u00e9sar Meaurio Leiva<\/p><p style=\"text-align: center;\">Vicerrector<\/p>\t\t\t\t\t\t\t\t<\/div>\n\t\t\t\t<\/div>\n\t\t\t\t<\/div>\n\t\t<div class=\"elementor-element elementor-element-9206b4e e-con-full e-flex e-con e-child\" data-id=\"9206b4e\" data-element_type=\"container\">\n\t\t\t\t<div class=\"elementor-element elementor-element-ec4bb75 elementor-widget elementor-widget-image\" data-id=\"ec4bb75\" data-element_type=\"widget\" data-widget_type=\"image.default\">\n\t\t\t\t<div class=\"elementor-widget-container\">\n\t\t\t\t\t\t\t\t\t\t\t\t\t\t\t<img decoding=\"async\" width=\"150\" height=\"150\" src=\"http:\/\/investigacion.une.edu.py\/wp-content\/uploads\/2025\/03\/alcides-150x150.jpeg\" class=\"attachment-thumbnail size-thumbnail wp-image-2566\" alt=\"\" \/>\t\t\t\t\t\t\t\t\t\t\t\t\t\t\t<\/div>\n\t\t\t\t<\/div>\n\t\t\t\t<div class=\"elementor-element elementor-element-c4e941c elementor-widget elementor-widget-text-editor\" data-id=\"c4e941c\" data-element_type=\"widget\" data-widget_type=\"text-editor.default\">\n\t\t\t\t<div class=\"elementor-widget-container\">\n\t\t\t\t\t\t\t\t\t<p style=\"text-align: center;\">Ing. D.Sc. Eustaquio Alcides Mart\u00ednez Jara<\/p><p style=\"text-align: center;\">Secretario Ejecutivo<\/p>\t\t\t\t\t\t\t\t<\/div>\n\t\t\t\t<\/div>\n\t\t\t\t<\/div>\n\t\t\t\t\t<\/div>\n\t\t\t\t<\/div>\n\t\t<div class=\"elementor-element elementor-element-f78e08d e-flex e-con-boxed e-con e-parent\" data-id=\"f78e08d\" data-element_type=\"container\">\n\t\t\t\t\t<div class=\"e-con-inner\">\n\t\t<div class=\"elementor-element elementor-element-0685144 e-con-full e-flex e-con e-child\" data-id=\"0685144\" data-element_type=\"container\">\n\t\t<div class=\"elementor-element elementor-element-9f95ce8 e-con-full e-flex e-con e-child\" data-id=\"9f95ce8\" data-element_type=\"container\">\n\t\t\t\t<div class=\"elementor-element elementor-element-5b8220d elementor-widget elementor-widget-image\" data-id=\"5b8220d\" data-element_type=\"widget\" data-widget_type=\"image.default\">\n\t\t\t\t<div class=\"elementor-widget-container\">\n\t\t\t\t\t\t\t\t\t\t\t\t\t\t\t<img decoding=\"async\" width=\"150\" height=\"150\" src=\"http:\/\/investigacion.une.edu.py\/wp-content\/uploads\/2025\/04\/oscar-espinoza-150x150.png\" class=\"attachment-thumbnail size-thumbnail wp-image-2711\" alt=\"\" srcset=\"http:\/\/investigacion.une.edu.py\/wp-content\/uploads\/2025\/04\/oscar-espinoza-150x150.png 150w, http:\/\/investigacion.une.edu.py\/wp-content\/uploads\/2025\/04\/oscar-espinoza-300x300.png 300w, http:\/\/investigacion.une.edu.py\/wp-content\/uploads\/2025\/04\/oscar-espinoza-1024x1024.png 1024w, http:\/\/investigacion.une.edu.py\/wp-content\/uploads\/2025\/04\/oscar-espinoza-768x768.png 768w, http:\/\/investigacion.une.edu.py\/wp-content\/uploads\/2025\/04\/oscar-espinoza.png 1080w\" sizes=\"(max-width: 150px) 100vw, 150px\" \/>\t\t\t\t\t\t\t\t\t\t\t\t\t\t\t<\/div>\n\t\t\t\t<\/div>\n\t\t\t\t<div class=\"elementor-element elementor-element-5ddfcd9 elementor-widget elementor-widget-text-editor\" data-id=\"5ddfcd9\" data-element_type=\"widget\" data-widget_type=\"text-editor.default\">\n\t\t\t\t<div class=\"elementor-widget-container\">\n\t\t\t\t\t\t\t\t\t<p style=\"text-align: center;\">Ing. Agr. Oscar Mario Espinoza Chaparro<\/p><p style=\"text-align: center;\">Decano \u2013 Facultad de Ingenier\u00eda Agron\u00f3mica<\/p>\t\t\t\t\t\t\t\t<\/div>\n\t\t\t\t<\/div>\n\t\t\t\t<\/div>\n\t\t<div class=\"elementor-element elementor-element-b24ccf3 e-con-full e-flex e-con e-child\" data-id=\"b24ccf3\" data-element_type=\"container\">\n\t\t\t\t<div class=\"elementor-element elementor-element-cad7ff5 elementor-widget elementor-widget-image\" data-id=\"cad7ff5\" data-element_type=\"widget\" data-widget_type=\"image.default\">\n\t\t\t\t<div class=\"elementor-widget-container\">\n\t\t\t\t\t\t\t\t\t\t\t\t\t\t\t<img loading=\"lazy\" decoding=\"async\" width=\"150\" height=\"150\" src=\"http:\/\/investigacion.une.edu.py\/wp-content\/uploads\/2025\/03\/Nestor-150x150.jpeg\" class=\"attachment-thumbnail size-thumbnail wp-image-2568\" alt=\"\" srcset=\"http:\/\/investigacion.une.edu.py\/wp-content\/uploads\/2025\/03\/Nestor-150x150.jpeg 150w, http:\/\/investigacion.une.edu.py\/wp-content\/uploads\/2025\/03\/Nestor-300x300.jpeg 300w, http:\/\/investigacion.une.edu.py\/wp-content\/uploads\/2025\/03\/Nestor-768x768.jpeg 768w, http:\/\/investigacion.une.edu.py\/wp-content\/uploads\/2025\/03\/Nestor.jpeg 800w\" sizes=\"(max-width: 150px) 100vw, 150px\" \/>\t\t\t\t\t\t\t\t\t\t\t\t\t\t\t<\/div>\n\t\t\t\t<\/div>\n\t\t\t\t<div class=\"elementor-element elementor-element-8294d8d elementor-widget elementor-widget-text-editor\" data-id=\"8294d8d\" data-element_type=\"widget\" data-widget_type=\"text-editor.default\">\n\t\t\t\t<div class=\"elementor-widget-container\">\n\t\t\t\t\t\t\t\t\t<p style=\"text-align: center;\">Dr.\u00a0 N\u00e9stor Dar\u00edo Almada Aguiar<\/p><p style=\"text-align: center;\">Decano \u2013 Facultad de Ciencias Econ\u00f3micas<\/p>\t\t\t\t\t\t\t\t<\/div>\n\t\t\t\t<\/div>\n\t\t\t\t<\/div>\n\t\t\t\t<\/div>\n\t\t\t\t\t<\/div>\n\t\t\t\t<\/div>\n\t\t<div class=\"elementor-element elementor-element-597e7cb e-flex e-con-boxed e-con e-parent\" data-id=\"597e7cb\" data-element_type=\"container\">\n\t\t\t\t\t<div class=\"e-con-inner\">\n\t\t<div class=\"elementor-element elementor-element-7fd0c05 e-con-full e-flex e-con e-child\" data-id=\"7fd0c05\" data-element_type=\"container\">\n\t\t<div class=\"elementor-element elementor-element-d011771 e-con-full e-flex e-con e-child\" data-id=\"d011771\" data-element_type=\"container\">\n\t\t\t\t<div class=\"elementor-element elementor-element-e5bc114 elementor-widget elementor-widget-image\" data-id=\"e5bc114\" data-element_type=\"widget\" data-widget_type=\"image.default\">\n\t\t\t\t<div class=\"elementor-widget-container\">\n\t\t\t\t\t\t\t\t\t\t\t\t\t\t\t<img loading=\"lazy\" decoding=\"async\" width=\"150\" height=\"150\" src=\"http:\/\/investigacion.une.edu.py\/wp-content\/uploads\/2025\/04\/Dra.-Paola-Sanchez-de-Vergara--150x150.png\" class=\"attachment-thumbnail size-thumbnail wp-image-2780\" alt=\"\" srcset=\"http:\/\/investigacion.une.edu.py\/wp-content\/uploads\/2025\/04\/Dra.-Paola-Sanchez-de-Vergara--150x150.png 150w, http:\/\/investigacion.une.edu.py\/wp-content\/uploads\/2025\/04\/Dra.-Paola-Sanchez-de-Vergara--300x300.png 300w, http:\/\/investigacion.une.edu.py\/wp-content\/uploads\/2025\/04\/Dra.-Paola-Sanchez-de-Vergara--1024x1024.png 1024w, http:\/\/investigacion.une.edu.py\/wp-content\/uploads\/2025\/04\/Dra.-Paola-Sanchez-de-Vergara--768x768.png 768w, http:\/\/investigacion.une.edu.py\/wp-content\/uploads\/2025\/04\/Dra.-Paola-Sanchez-de-Vergara-.png 1080w\" sizes=\"(max-width: 150px) 100vw, 150px\" \/>\t\t\t\t\t\t\t\t\t\t\t\t\t\t\t<\/div>\n\t\t\t\t<\/div>\n\t\t\t\t<div class=\"elementor-element elementor-element-224014c elementor-widget elementor-widget-text-editor\" data-id=\"224014c\" data-element_type=\"widget\" data-widget_type=\"text-editor.default\">\n\t\t\t\t<div class=\"elementor-widget-container\">\n\t\t\t\t\t\t\t\t\t<p style=\"text-align: center;\">Dra. Paola S\u00e1nchez de Vergara<\/p><p style=\"text-align: center;\">Decana \u2013 Facultad de Filosof\u00eda<\/p>\t\t\t\t\t\t\t\t<\/div>\n\t\t\t\t<\/div>\n\t\t\t\t<\/div>\n\t\t<div class=\"elementor-element elementor-element-80c1e11 e-con-full e-flex e-con e-child\" data-id=\"80c1e11\" data-element_type=\"container\">\n\t\t\t\t<div class=\"elementor-element elementor-element-770d241 elementor-widget elementor-widget-image\" data-id=\"770d241\" data-element_type=\"widget\" data-widget_type=\"image.default\">\n\t\t\t\t<div class=\"elementor-widget-container\">\n\t\t\t\t\t\t\t\t\t\t\t\t\t\t\t<img loading=\"lazy\" decoding=\"async\" width=\"150\" height=\"150\" src=\"http:\/\/investigacion.une.edu.py\/wp-content\/uploads\/2025\/03\/walter-150x150.jpeg\" class=\"attachment-thumbnail size-thumbnail wp-image-2573\" alt=\"\" srcset=\"http:\/\/investigacion.une.edu.py\/wp-content\/uploads\/2025\/03\/walter-150x150.jpeg 150w, http:\/\/investigacion.une.edu.py\/wp-content\/uploads\/2025\/03\/walter-300x300.jpeg 300w, http:\/\/investigacion.une.edu.py\/wp-content\/uploads\/2025\/03\/walter-1024x1024.jpeg 1024w, http:\/\/investigacion.une.edu.py\/wp-content\/uploads\/2025\/03\/walter-768x768.jpeg 768w, http:\/\/investigacion.une.edu.py\/wp-content\/uploads\/2025\/03\/walter.jpeg 1200w\" sizes=\"(max-width: 150px) 100vw, 150px\" \/>\t\t\t\t\t\t\t\t\t\t\t\t\t\t\t<\/div>\n\t\t\t\t<\/div>\n\t\t\t\t<div class=\"elementor-element elementor-element-b7a35a7 elementor-widget elementor-widget-text-editor\" data-id=\"b7a35a7\" data-element_type=\"widget\" data-widget_type=\"text-editor.default\">\n\t\t\t\t<div class=\"elementor-widget-container\">\n\t\t\t\t\t\t\t\t\t<p style=\"text-align: center;\">Ing. Walter Isabelino Duarte Maldonado<br \/>Decano \u2013 Facultad Polit\u00e9cnica<\/p>\t\t\t\t\t\t\t\t<\/div>\n\t\t\t\t<\/div>\n\t\t\t\t<\/div>\n\t\t\t\t<\/div>\n\t\t\t\t\t<\/div>\n\t\t\t\t<\/div>\n\t\t<div class=\"elementor-element elementor-element-2066295 e-flex e-con-boxed e-con e-parent\" data-id=\"2066295\" data-element_type=\"container\">\n\t\t\t\t\t<div class=\"e-con-inner\">\n\t\t<div class=\"elementor-element elementor-element-6126bd2 e-con-full e-flex e-con e-child\" data-id=\"6126bd2\" data-element_type=\"container\">\n\t\t<div class=\"elementor-element elementor-element-c9084a1 e-con-full e-flex e-con e-child\" data-id=\"c9084a1\" data-element_type=\"container\">\n\t\t\t\t<div class=\"elementor-element elementor-element-07c1423 elementor-widget elementor-widget-image\" data-id=\"07c1423\" data-element_type=\"widget\" data-widget_type=\"image.default\">\n\t\t\t\t<div class=\"elementor-widget-container\">\n\t\t\t\t\t\t\t\t\t\t\t\t\t\t\t<img loading=\"lazy\" decoding=\"async\" width=\"150\" height=\"150\" src=\"http:\/\/investigacion.une.edu.py\/wp-content\/uploads\/2025\/03\/mancuello-150x150.jpeg\" class=\"attachment-thumbnail size-thumbnail wp-image-2577\" alt=\"\" srcset=\"http:\/\/investigacion.une.edu.py\/wp-content\/uploads\/2025\/03\/mancuello-150x150.jpeg 150w, http:\/\/investigacion.une.edu.py\/wp-content\/uploads\/2025\/03\/mancuello-300x300.jpeg 300w, http:\/\/investigacion.une.edu.py\/wp-content\/uploads\/2025\/03\/mancuello-1024x1024.jpeg 1024w, http:\/\/investigacion.une.edu.py\/wp-content\/uploads\/2025\/03\/mancuello-768x768.jpeg 768w, http:\/\/investigacion.une.edu.py\/wp-content\/uploads\/2025\/03\/mancuello.jpeg 1200w\" sizes=\"(max-width: 150px) 100vw, 150px\" \/>\t\t\t\t\t\t\t\t\t\t\t\t\t\t\t<\/div>\n\t\t\t\t<\/div>\n\t\t\t\t<div class=\"elementor-element elementor-element-7a0911b elementor-widget elementor-widget-text-editor\" data-id=\"7a0911b\" data-element_type=\"widget\" data-widget_type=\"text-editor.default\">\n\t\t\t\t<div class=\"elementor-widget-container\">\n\t\t\t\t\t\t\t\t\t<p style=\"text-align: center;\">Abog. Rafael Mancuello Eguzquiza<br \/>Decano \u2013 Facultad de Derecho y Ciencias Sociales<\/p>\t\t\t\t\t\t\t\t<\/div>\n\t\t\t\t<\/div>\n\t\t\t\t<\/div>\n\t\t<div class=\"elementor-element elementor-element-c086741 e-con-full e-flex e-con e-child\" data-id=\"c086741\" data-element_type=\"container\">\n\t\t\t\t<div class=\"elementor-element elementor-element-78f15b0 elementor-widget elementor-widget-image\" data-id=\"78f15b0\" data-element_type=\"widget\" data-widget_type=\"image.default\">\n\t\t\t\t<div class=\"elementor-widget-container\">\n\t\t\t\t\t\t\t\t\t\t\t\t\t\t\t<img loading=\"lazy\" decoding=\"async\" width=\"150\" height=\"150\" src=\"http:\/\/investigacion.une.edu.py\/wp-content\/uploads\/2025\/03\/radice-150x150.jpeg\" class=\"attachment-thumbnail size-thumbnail wp-image-2581\" alt=\"\" srcset=\"http:\/\/investigacion.une.edu.py\/wp-content\/uploads\/2025\/03\/radice-150x150.jpeg 150w, http:\/\/investigacion.une.edu.py\/wp-content\/uploads\/2025\/03\/radice-300x300.jpeg 300w, http:\/\/investigacion.une.edu.py\/wp-content\/uploads\/2025\/03\/radice-1024x1024.jpeg 1024w, http:\/\/investigacion.une.edu.py\/wp-content\/uploads\/2025\/03\/radice-768x768.jpeg 768w, http:\/\/investigacion.une.edu.py\/wp-content\/uploads\/2025\/03\/radice.jpeg 1200w\" sizes=\"(max-width: 150px) 100vw, 150px\" \/>\t\t\t\t\t\t\t\t\t\t\t\t\t\t\t<\/div>\n\t\t\t\t<\/div>\n\t\t\t\t<div class=\"elementor-element elementor-element-ecca67a elementor-widget elementor-widget-text-editor\" data-id=\"ecca67a\" data-element_type=\"widget\" data-widget_type=\"text-editor.default\">\n\t\t\t\t<div class=\"elementor-widget-container\">\n\t\t\t\t\t\t\t\t\t<p style=\"text-align: center;\">Dr. C\u00e9sar Augusto Radice Oviedo<br \/>Decano \u2013 Facultad de Ciencias de la Salud<\/p>\t\t\t\t\t\t\t\t<\/div>\n\t\t\t\t<\/div>\n\t\t\t\t<\/div>\n\t\t\t\t<\/div>\n\t\t\t\t\t<\/div>\n\t\t\t\t<\/div>\n\t\t<div class=\"elementor-element elementor-element-73b9455 e-flex e-con-boxed e-con e-parent\" data-id=\"73b9455\" data-element_type=\"container\">\n\t\t\t\t\t<div class=\"e-con-inner\">\n\t\t<div class=\"elementor-element elementor-element-b1abb4b e-con-full e-flex e-con e-child\" data-id=\"b1abb4b\" data-element_type=\"container\">\n\t\t<div class=\"elementor-element elementor-element-7178d52 e-con-full e-flex e-con e-child\" data-id=\"7178d52\" data-element_type=\"container\">\n\t\t<div class=\"elementor-element elementor-element-22b8bd9 e-con-full e-flex e-con e-child\" data-id=\"22b8bd9\" data-element_type=\"container\">\n\t\t\t\t<div class=\"elementor-element elementor-element-616a51d elementor-widget elementor-widget-image\" data-id=\"616a51d\" data-element_type=\"widget\" data-widget_type=\"image.default\">\n\t\t\t\t<div class=\"elementor-widget-container\">\n\t\t\t\t\t\t\t\t\t\t\t\t\t\t\t<img loading=\"lazy\" decoding=\"async\" width=\"150\" height=\"150\" src=\"http:\/\/investigacion.une.edu.py\/wp-content\/uploads\/2025\/03\/laviosa-150x150.jpeg\" class=\"attachment-thumbnail size-thumbnail wp-image-2584\" alt=\"\" srcset=\"http:\/\/investigacion.une.edu.py\/wp-content\/uploads\/2025\/03\/laviosa-150x150.jpeg 150w, http:\/\/investigacion.une.edu.py\/wp-content\/uploads\/2025\/03\/laviosa-300x300.jpeg 300w, http:\/\/investigacion.une.edu.py\/wp-content\/uploads\/2025\/03\/laviosa-1024x1024.jpeg 1024w, http:\/\/investigacion.une.edu.py\/wp-content\/uploads\/2025\/03\/laviosa-768x768.jpeg 768w, http:\/\/investigacion.une.edu.py\/wp-content\/uploads\/2025\/03\/laviosa.jpeg 1200w\" sizes=\"(max-width: 150px) 100vw, 150px\" \/>\t\t\t\t\t\t\t\t\t\t\t\t\t\t\t<\/div>\n\t\t\t\t<\/div>\n\t\t\t\t<div class=\"elementor-element elementor-element-06027f0 elementor-widget elementor-widget-text-editor\" data-id=\"06027f0\" data-element_type=\"widget\" data-widget_type=\"text-editor.default\">\n\t\t\t\t<div class=\"elementor-widget-container\">\n\t\t\t\t\t\t\t\t\t<p style=\"text-align: center;\">Ing. Ger\u00f3nimo Manuel Laviosa Gonz\u00e1lez<\/p><p style=\"text-align: center;\">Director\u00a0 \u2013 Escuela de Posgrado<\/p>\t\t\t\t\t\t\t\t<\/div>\n\t\t\t\t<\/div>\n\t\t\t\t<\/div>\n\t\t<div class=\"elementor-element elementor-element-cca8b32 e-con-full e-flex e-con e-child\" data-id=\"cca8b32\" data-element_type=\"container\">\n\t\t\t\t<div class=\"elementor-element elementor-element-49cff7b elementor-widget elementor-widget-image\" data-id=\"49cff7b\" data-element_type=\"widget\" data-widget_type=\"image.default\">\n\t\t\t\t<div class=\"elementor-widget-container\">\n\t\t\t\t\t\t\t\t\t\t\t\t\t\t\t<img loading=\"lazy\" decoding=\"async\" width=\"150\" height=\"150\" src=\"http:\/\/investigacion.une.edu.py\/wp-content\/uploads\/2025\/03\/graciela-150x150.jpeg\" class=\"attachment-thumbnail size-thumbnail wp-image-2589\" alt=\"\" srcset=\"http:\/\/investigacion.une.edu.py\/wp-content\/uploads\/2025\/03\/graciela-150x150.jpeg 150w, http:\/\/investigacion.une.edu.py\/wp-content\/uploads\/2025\/03\/graciela-300x300.jpeg 300w, http:\/\/investigacion.une.edu.py\/wp-content\/uploads\/2025\/03\/graciela-768x768.jpeg 768w, http:\/\/investigacion.une.edu.py\/wp-content\/uploads\/2025\/03\/graciela.jpeg 800w\" sizes=\"(max-width: 150px) 100vw, 150px\" \/>\t\t\t\t\t\t\t\t\t\t\t\t\t\t\t<\/div>\n\t\t\t\t<\/div>\n\t\t\t\t<div class=\"elementor-element elementor-element-f960535 elementor-widget elementor-widget-text-editor\" data-id=\"f960535\" data-element_type=\"widget\" data-widget_type=\"text-editor.default\">\n\t\t\t\t<div class=\"elementor-widget-container\">\n\t\t\t\t\t\t\t\t\t<p>\u00a0<\/p><p style=\"text-align: center;\">M.Sc. Graciela Jara<\/p><p style=\"text-align: center;\">Directora &#8211; Escuela Superior de Bellas Artes<\/p>\t\t\t\t\t\t\t\t<\/div>\n\t\t\t\t<\/div>\n\t\t\t\t<\/div>\n\t\t\t\t<\/div>\n\t\t\t\t<\/div>\n\t\t\t\t\t<\/div>\n\t\t\t\t<\/div>\n\t\t\t\t<\/div>\n\t\t","protected":false},"excerpt":{"rendered":"<p>CONCITUNE Consejo de Ciencia Tecnolog\u00eda e Innovaci\u00f3n de la UNE Considerando la investigaci\u00f3n y la innovaci\u00f3n como los pilares sobre la cual se asienta el fin de la universidad; el 26 de noviembre del 2015 el Consejo Superior Universitario por Resoluci\u00f3n 201\/2015 aprob\u00f3 la creaci\u00f3n y reglamentaci\u00f3n del Consejo de Ciencia, Tecnolog\u00eda e Innovaci\u00f3n de [&hellip;]<\/p>\n","protected":false},"author":1,"featured_media":0,"parent":0,"menu_order":0,"comment_status":"closed","ping_status":"closed","template":"","meta":{"site-sidebar-layout":"no-sidebar","site-content-layout":"page-builder","ast-site-content-layout":"full-width-container","site-content-style":"default","site-sidebar-style":"default","ast-global-header-display":"","ast-banner-title-visibility":"","ast-main-header-display":"","ast-hfb-above-header-display":"","ast-hfb-below-header-display":"","ast-hfb-mobile-header-display":"","site-post-title":"disabled","ast-breadcrumbs-content":"","ast-featured-img":"disabled","footer-sml-layout":"","theme-transparent-header-meta":"","adv-header-id-meta":"","stick-header-meta":"","header-above-stick-meta":"","header-main-stick-meta":"","header-below-stick-meta":"","astra-migrate-meta-layouts":"default","ast-page-background-enabled":"default","ast-page-background-meta":{"desktop":{"background-color":"var(--ast-global-color-4)","background-image":"","background-repeat":"repeat","background-position":"center center","background-size":"auto","background-attachment":"scroll","background-type":"","background-media":"","overlay-type":"","overlay-color":"","overlay-opacity":"","overlay-gradient":""},"tablet":{"background-color":"","background-image":"","background-repeat":"repeat","background-position":"center center","background-size":"auto","background-attachment":"scroll","background-type":"","background-media":"","overlay-type":"","overlay-color":"","overlay-opacity":"","overlay-gradient":""},"mobile":{"background-color":"","background-image":"","background-repeat":"repeat","background-position":"center center","background-size":"auto","background-attachment":"scroll","background-type":"","background-media":"","overlay-type":"","overlay-color":"","overlay-opacity":"","overlay-gradient":""}},"ast-content-background-meta":{"desktop":{"background-color":"var(--ast-global-color-5)","background-image":"","background-repeat":"repeat","background-position":"center center","background-size":"auto","background-attachment":"scroll","background-type":"","background-media":"","overlay-type":"","overlay-color":"","overlay-opacity":"","overlay-gradient":""},"tablet":{"background-color":"var(--ast-global-color-5)","background-image":"","background-repeat":"repeat","background-position":"center center","background-size":"auto","background-attachment":"scroll","background-type":"","background-media":"","overlay-type":"","overlay-color":"","overlay-opacity":"","overlay-gradient":""},"mobile":{"background-color":"var(--ast-global-color-5)","background-image":"","background-repeat":"repeat","background-position":"center center","background-size":"auto","background-attachment":"scroll","background-type":"","background-media":"","overlay-type":"","overlay-color":"","overlay-opacity":"","overlay-gradient":""}},"footnotes":""},"class_list":["post-1672","page","type-page","status-publish","hentry"],"_links":{"self":[{"href":"http:\/\/investigacion.une.edu.py\/index.php?rest_route=\/wp\/v2\/pages\/1672","targetHints":{"allow":["GET"]}}],"collection":[{"href":"http:\/\/investigacion.une.edu.py\/index.php?rest_route=\/wp\/v2\/pages"}],"about":[{"href":"http:\/\/investigacion.une.edu.py\/index.php?rest_route=\/wp\/v2\/types\/page"}],"author":[{"embeddable":true,"href":"http:\/\/investigacion.une.edu.py\/index.php?rest_route=\/wp\/v2\/users\/1"}],"replies":[{"embeddable":true,"href":"http:\/\/investigacion.une.edu.py\/index.php?rest_route=%2Fwp%2Fv2%2Fcomments&post=1672"}],"version-history":[{"count":71,"href":"http:\/\/investigacion.une.edu.py\/index.php?rest_route=\/wp\/v2\/pages\/1672\/revisions"}],"predecessor-version":[{"id":2783,"href":"http:\/\/investigacion.une.edu.py\/index.php?rest_route=\/wp\/v2\/pages\/1672\/revisions\/2783"}],"wp:attachment":[{"href":"http:\/\/investigacion.une.edu.py\/index.php?rest_route=%2Fwp%2Fv2%2Fmedia&parent=1672"}],"curies":[{"name":"wp","href":"https:\/\/api.w.org\/{rel}","templated":true}]}}