{"id":1682,"date":"2024-08-19T18:17:32","date_gmt":"2024-08-19T16:17:32","guid":{"rendered":"http:\/\/investigacion.une.edu.py\/inves\/?page_id=1682"},"modified":"2025-09-04T11:19:16","modified_gmt":"2025-09-04T14:19:16","slug":"convocatoria-de-revistas-de-la-une","status":"publish","type":"page","link":"http:\/\/investigacion.une.edu.py\/?page_id=1682","title":{"rendered":"Convocatoria de Revistas de la UNE"},"content":{"rendered":"\t\t<div data-elementor-type=\"wp-page\" data-elementor-id=\"1682\" class=\"elementor elementor-1682\" data-elementor-post-type=\"page\">\n\t\t\t\t<div class=\"elementor-element elementor-element-5b8bb4a e-flex e-con-boxed e-con e-parent\" data-id=\"5b8bb4a\" data-element_type=\"container\" data-settings=\"{&quot;background_background&quot;:&quot;classic&quot;}\">\n\t\t\t\t\t<div class=\"e-con-inner\">\n\t\t\t\t<div class=\"elementor-element elementor-element-462a314 elementor-widget elementor-widget-heading\" data-id=\"462a314\" data-element_type=\"widget\" data-widget_type=\"heading.default\">\n\t\t\t\t<div class=\"elementor-widget-container\">\n\t\t\t\t\t<h1 class=\"elementor-heading-title elementor-size-default\">Convocatorias de revistas<\/h1>\t\t\t\t<\/div>\n\t\t\t\t<\/div>\n\t\t\t\t\t<\/div>\n\t\t\t\t<\/div>\n\t\t<div class=\"elementor-element elementor-element-0ea0cd5 e-flex e-con-boxed e-con e-parent\" data-id=\"0ea0cd5\" data-element_type=\"container\">\n\t\t\t\t\t<div class=\"e-con-inner\">\n\t\t<div class=\"elementor-element elementor-element-22a5728 e-con-full e-flex e-con e-child\" data-id=\"22a5728\" data-element_type=\"container\">\n\t\t\t\t<div class=\"elementor-element elementor-element-eaa7961 elementor-widget elementor-widget-image\" data-id=\"eaa7961\" data-element_type=\"widget\" data-widget_type=\"image.default\">\n\t\t\t\t<div class=\"elementor-widget-container\">\n\t\t\t\t\t\t\t\t\t\t\t\t\t\t\t\t<a href=\"http:\/\/servicios.fpune.edu.py:83\/fpunescientific\/index.php\/fpunescientific\/issue\/view\/19\">\n\t\t\t\t\t\t\t<img fetchpriority=\"high\" decoding=\"async\" width=\"1024\" height=\"1024\" src=\"http:\/\/investigacion.une.edu.py\/wp-content\/uploads\/2025\/09\/revista_fp-1024x1024.png\" class=\"attachment-large size-large wp-image-3142\" alt=\"\" srcset=\"http:\/\/investigacion.une.edu.py\/wp-content\/uploads\/2025\/09\/revista_fp-1024x1024.png 1024w, http:\/\/investigacion.une.edu.py\/wp-content\/uploads\/2025\/09\/revista_fp-300x300.png 300w, http:\/\/investigacion.une.edu.py\/wp-content\/uploads\/2025\/09\/revista_fp-150x150.png 150w, http:\/\/investigacion.une.edu.py\/wp-content\/uploads\/2025\/09\/revista_fp-768x768.png 768w, http:\/\/investigacion.une.edu.py\/wp-content\/uploads\/2025\/09\/revista_fp.png 1080w\" sizes=\"(max-width: 1024px) 100vw, 1024px\" \/>\t\t\t\t\t\t\t\t<\/a>\n\t\t\t\t\t\t\t\t\t\t\t\t\t\t\t<\/div>\n\t\t\t\t<\/div>\n\t\t\t\t<\/div>\n\t\t<div class=\"elementor-element elementor-element-46fd00d e-con-full e-flex e-con e-child\" data-id=\"46fd00d\" data-element_type=\"container\">\n\t\t<div class=\"elementor-element elementor-element-b512e23 e-con-full e-flex e-con e-child\" data-id=\"b512e23\" data-element_type=\"container\">\n\t\t\t\t<div class=\"elementor-element elementor-element-e95801b elementor-widget elementor-widget-text-editor\" data-id=\"e95801b\" data-element_type=\"widget\" data-widget_type=\"text-editor.default\">\n\t\t\t\t<div class=\"elementor-widget-container\">\n\t\t\t\t\t\t\t\t\t<p>Convocatoria Abierta para la Revista FPUNE Scientific N.\u00ba 21 \u2013 A\u00f1o 2025&nbsp;<\/p>\n<p>La Revista FPUNE Scientific invita a la comunidad acad\u00e9mica y cient\u00edfica a postular art\u00edculos para su edici\u00f3n N.\u00ba 21, correspondiente al a\u00f1o 2025, en las siguientes \u00e1reas del conocimiento:<\/p>\n<p>\ud83d\udcbb Inform\u00e1tica<\/p>\n<p>\u26a1 El\u00e9ctrica<\/p>\n<p>\ud83c\udf0d Turismo<\/p>\n<p>\ud83d\udcc5 Fecha l\u00edmite de postulaci\u00f3n: 30 de septiembre de 2025<\/p>\n<p>Para consultar las normas de publicaci\u00f3n y conocer el proceso de env\u00edo, visita nuestro sitio web:<\/p>\n<p>\ud83d\udd17&nbsp;http:\/\/servicios.fpune.edu.py:83\/fpunescientific\/index.php\/fpunescientific\/issue\/view\/19<\/p>\t\t\t\t\t\t\t\t<\/div>\n\t\t\t\t<\/div>\n\t\t\t\t<\/div>\n\t\t\t\t<\/div>\n\t\t\t\t\t<\/div>\n\t\t\t\t<\/div>\n\t\t<div class=\"elementor-element elementor-element-65a4ae5 e-flex e-con-boxed e-con e-parent\" data-id=\"65a4ae5\" data-element_type=\"container\">\n\t\t\t\t\t<div class=\"e-con-inner\">\n\t\t<div class=\"elementor-element elementor-element-ae557e4 e-con-full e-flex e-con e-child\" data-id=\"ae557e4\" data-element_type=\"container\">\n\t\t\t\t<div class=\"elementor-element elementor-element-8a09689 elementor-widget elementor-widget-image\" data-id=\"8a09689\" data-element_type=\"widget\" data-widget_type=\"image.default\">\n\t\t\t\t<div class=\"elementor-widget-container\">\n\t\t\t\t\t\t\t\t\t\t\t\t\t\t\t<img decoding=\"async\" width=\"1024\" height=\"1024\" src=\"http:\/\/investigacion.une.edu.py\/wp-content\/uploads\/2025\/03\/Post-de-Instagram-Servicio-Medico-Integral-Profesional-Minimalista-Azul-3-1024x1024.png\" class=\"attachment-large size-large wp-image-2618\" alt=\"\" srcset=\"http:\/\/investigacion.une.edu.py\/wp-content\/uploads\/2025\/03\/Post-de-Instagram-Servicio-Medico-Integral-Profesional-Minimalista-Azul-3-1024x1024.png 1024w, http:\/\/investigacion.une.edu.py\/wp-content\/uploads\/2025\/03\/Post-de-Instagram-Servicio-Medico-Integral-Profesional-Minimalista-Azul-3-300x300.png 300w, http:\/\/investigacion.une.edu.py\/wp-content\/uploads\/2025\/03\/Post-de-Instagram-Servicio-Medico-Integral-Profesional-Minimalista-Azul-3-150x150.png 150w, http:\/\/investigacion.une.edu.py\/wp-content\/uploads\/2025\/03\/Post-de-Instagram-Servicio-Medico-Integral-Profesional-Minimalista-Azul-3-768x768.png 768w, http:\/\/investigacion.une.edu.py\/wp-content\/uploads\/2025\/03\/Post-de-Instagram-Servicio-Medico-Integral-Profesional-Minimalista-Azul-3.png 1080w\" sizes=\"(max-width: 1024px) 100vw, 1024px\" \/>\t\t\t\t\t\t\t\t\t\t\t\t\t\t\t<\/div>\n\t\t\t\t<\/div>\n\t\t\t\t<\/div>\n\t\t<div class=\"elementor-element elementor-element-5d64df4 e-con-full e-flex e-con e-child\" data-id=\"5d64df4\" data-element_type=\"container\">\n\t\t\t\t<div class=\"elementor-element elementor-element-04f9e0a elementor-widget elementor-widget-text-editor\" data-id=\"04f9e0a\" data-element_type=\"widget\" data-widget_type=\"text-editor.default\">\n\t\t\t\t<div class=\"elementor-widget-container\">\n\t\t\t\t\t\t\t\t\t<p style=\"text-align: center;\">\ud835\uddd6\ud835\uddfc\ud835\uddfb\ud835\ude03\ud835\uddfc\ud835\uddf0\ud835\uddee\ud835\ude01\ud835\uddfc\ud835\uddff\ud835\uddf6\ud835\uddee \ud835\uddee\ud835\uddef\ud835\uddf6\ud835\uddf2\ud835\uddff\ud835\ude01\ud835\uddee \u2013 \ud835\udde5\ud835\uddf2\ud835\ude03\ud835\uddf6\ud835\ude00\ud835\ude01\ud835\uddee \ud835\uddd6\ud835\uddf6\ud835\uddf2\ud835\uddfb\ud835\ude01\u00ed\ud835\uddf3\ud835\uddf6\ud835\uddf0\ud835\uddee \ud835\udde8\ud835\udde1\ud835\uddd8<\/p><p style=\"text-align: justify;\">Desde la Revista Cient\u00edfica UNE, se invita a investigadores, acad\u00e9micos y profesionales a enviar sus contribuciones para la pr\u00f3xima edici\u00f3n. Se reciben Cartas al Editor, Art\u00edculos Originales y Proyectos de Investigaci\u00f3n en diversas \u00e1reas del conocimiento.<\/p><p>\ud835\udde7\ud835\uddf2\ud835\uddfa\u00e1\ud835\ude01\ud835\uddf6\ud835\uddf0\ud835\uddee\ud835\ude00 \ud835\uddf1\ud835\uddf2 \ud835\uddf6\ud835\uddfb\ud835\ude01\ud835\uddf2\ud835\uddff\u00e9\ud835\ude00<\/p><ul><li>Ciencias Exactas<\/li><li>Ciencias de la Salud, Biolog\u00eda y Qu\u00edmica<\/li><li>Ciencias Sociales y Humanidades<\/li><li>Ciencias Agrarias y Naturales<\/li><li>Ingenier\u00edas y Tecnolog\u00eda<\/li><\/ul><p style=\"text-align: justify;\">F\ud835\uddf2\ud835\uddf0\ud835\uddf5\ud835\uddee \ud835\uddf9\u00ed\ud835\uddfa\ud835\uddf6\ud835\ude01\ud835\uddf2 \ud835\uddf1\ud835\uddf2 \ud835\uddff\ud835\uddf2\ud835\uddf0\ud835\uddf2\ud835\uddfd\ud835\uddf0\ud835\uddf6\u00f3\ud835\uddfb: Los manuscritos pueden enviarse hasta el \ud835\uddf9\ud835\ude02\ud835\uddfb\ud835\uddf2\ud835\ude00 \ud835\udfef\ud835\udfec \ud835\uddf1\ud835\uddf2 \ud835\uddf7\ud835\ude02\ud835\uddfb\ud835\uddf6\ud835\uddfc <strong>del 2025<\/strong><\/p><p style=\"text-align: justify;\">\ud835\uddd9\ud835\uddfc\ud835\uddff\ud835\uddfa\ud835\uddee\ud835\ude01\ud835\uddfc \ud835\uddf1\ud835\uddf2 \ud835\uddfd\ud835\uddfc\ud835\ude00\ud835\ude01\ud835\ude02\ud835\uddf9\ud835\uddee\ud835\uddf0\ud835\uddf6\u00f3\ud835\uddfb:\u00a0Consulte los lineamientos y requisitos de presentaci\u00f3n en el siguiente enlace:\u00a0<a href=\"http:\/\/revistas.une.edu.py\/index.php\/revista_une\/about\/submissions?fbclid=IwZXh0bgNhZW0CMTAAAR06ZkE7N2UpFPORbSJMH1KlkNjlz8d9AIISPmcAvIWHAxFGF0hgSMNKCDs_aem_47vfrdeVRAp5BBYSx3iAFA\">http:\/\/revistas.une.edu.py\/&#8230;\/revista_une\/about\/submissions<\/a><\/p><p>\ud835\uddd6\ud835\uddfc\ud835\uddfb\ud835\ude01\ud835\uddee\ud835\uddf0\ud835\ude01\ud835\uddfc<\/p><p style=\"text-align: justify;\">Para enviar su art\u00edculo o realizar consultas, puede escribir a:\u00a0<a href=\"mailto:editorialdgin@une.edu.py\">editorialdgin@une.edu.py<\/a><\/p><p style=\"text-align: justify;\">Su aporte ser\u00e1 valioso para el crecimiento del conocimiento, la comunidad acad\u00e9mica y el desarrollo del pa\u00eds.<\/p><p style=\"text-align: center;\">\u00a0<\/p>\t\t\t\t\t\t\t\t<\/div>\n\t\t\t\t<\/div>\n\t\t\t\t<\/div>\n\t\t\t\t\t<\/div>\n\t\t\t\t<\/div>\n\t\t<div class=\"elementor-element elementor-element-f77aac2 e-flex e-con-boxed e-con e-parent\" data-id=\"f77aac2\" data-element_type=\"container\">\n\t\t\t\t\t<div class=\"e-con-inner\">\n\t\t\t\t<div class=\"elementor-element elementor-element-164da6b elementor-widget-divider--view-line elementor-widget elementor-widget-divider\" data-id=\"164da6b\" data-element_type=\"widget\" data-widget_type=\"divider.default\">\n\t\t\t\t<div class=\"elementor-widget-container\">\n\t\t\t\t\t\t\t<div class=\"elementor-divider\">\n\t\t\t<span class=\"elementor-divider-separator\">\n\t\t\t\t\t\t<\/span>\n\t\t<\/div>\n\t\t\t\t\t\t<\/div>\n\t\t\t\t<\/div>\n\t\t\t\t\t<\/div>\n\t\t\t\t<\/div>\n\t\t<div class=\"elementor-element elementor-element-a00bf76 e-flex e-con-boxed e-con e-parent\" data-id=\"a00bf76\" data-element_type=\"container\">\n\t\t\t\t\t<div class=\"e-con-inner\">\n\t\t<div class=\"elementor-element elementor-element-a2df564 e-con-full e-flex e-con e-child\" data-id=\"a2df564\" data-element_type=\"container\">\n\t\t\t\t<div class=\"elementor-element elementor-element-beb8054 elementor-widget elementor-widget-image\" data-id=\"beb8054\" data-element_type=\"widget\" data-widget_type=\"image.default\">\n\t\t\t\t<div class=\"elementor-widget-container\">\n\t\t\t\t\t\t\t\t\t\t\t\t\t\t\t<img decoding=\"async\" width=\"1024\" height=\"1024\" src=\"http:\/\/investigacion.une.edu.py\/wp-content\/uploads\/2024\/09\/RECUNE_2022.png\" class=\"attachment-large size-large wp-image-2145\" alt=\"\" \/>\t\t\t\t\t\t\t\t\t\t\t\t\t\t\t<\/div>\n\t\t\t\t<\/div>\n\t\t\t\t<\/div>\n\t\t<div class=\"elementor-element elementor-element-c582e0e e-con-full e-flex e-con e-child\" data-id=\"c582e0e\" data-element_type=\"container\">\n\t\t\t\t<div class=\"elementor-element elementor-element-cd1e484 elementor-widget elementor-widget-text-editor\" data-id=\"cd1e484\" data-element_type=\"widget\" data-widget_type=\"text-editor.default\">\n\t\t\t\t<div class=\"elementor-widget-container\">\n\t\t\t\t\t\t\t\t\t<p style=\"text-align: center;\"><strong><em>REVISTA CIENT\u00cdFICA UNE<\/em><\/strong><\/p><p><strong><em>Los factores de cambio en tiempo de pospandemia.<\/em><\/strong><\/p><p><strong>Ejes:<\/strong> econom\u00eda, sociedad, salud, agronom\u00eda, tecnolog\u00eda y educaci\u00f3n.<\/p><p style=\"text-align: justify;\">La CEPAL (2021) refiere: la pandemia del COVID-19 ha generado nuevos y m\u00faltiples desaf\u00edos para todos los pa\u00edses, pero especialmente para los de Am\u00e9rica Latina y el Caribe, con impactos a\u00fan impredecibles en el logro de la Agenda 2030 y los Objetivos de Desarrollo Sostenible.<\/p><p style=\"text-align: justify;\">En este contexto, la Revista Cient\u00edfica UNE les invitan a postular los resultados de investigaci\u00f3n: \u201cLos factores de cambio en tiempo de pospandemia\u201d, con el objetivo de generar un espacio que permita identificar lecciones aprendidas durante la pandemia del COVID-19 y el impacto de los sectores de: econom\u00eda, sociedad, salud, agronom\u00eda, tecnolog\u00eda y educaci\u00f3n.<\/p><p>URL de la revista: <a href=\"http:\/\/revistas.une.edu.py\/index.php\/revista_une\">http:\/\/revistas.une.edu.py\/index.php\/revista_une<\/a><\/p><p><em><strong>Recepci\u00f3n de Art\u00edculos:<\/strong><\/em> Hasta el 30\/07\/2022<\/p><p><em><strong>Fecha de Publicaci\u00f3n:<\/strong><\/em> Noviembre del 2022<\/p><p style=\"text-align: justify;\">El \u00c1rea de Gesti\u00f3n Editorial de la Direcci\u00f3n General de Investigaci\u00f3n de la Universidad Nacional del Este informa a la comunidad acad\u00e9mica y cient\u00edfica que se encuentra abierta la convocatoria para recepci\u00f3n y evaluaci\u00f3n de art\u00edculos cient\u00edficos.<\/p><p>A el\/los autor\/es interesados les invitamos a acceder a nuestra plataforma <a href=\"http:\/\/revistas.une.edu.py\/index.php\/revista_une\">Enviar art\u00edculo<\/a><\/p><p>Fuente: <a href=\"https:\/\/comunidades.cepal.org\/ilpes\/es\/grupos\/discusion\/el-rol-de-la-prospectiva-frente-al-covid-19-y-la-etapa-de-pospandemia\">https:\/\/comunidades.cepal.org\/ilpes\/es\/grupos\/discusion\/el-rol-de-la-prospectiva-frente-al-covid-19-y-la-etapa-de-pospandemia<\/a><\/p>\t\t\t\t\t\t\t\t<\/div>\n\t\t\t\t<\/div>\n\t\t\t\t<\/div>\n\t\t\t\t\t<\/div>\n\t\t\t\t<\/div>\n\t\t<div class=\"elementor-element elementor-element-af13b67 e-flex e-con-boxed e-con e-parent\" data-id=\"af13b67\" data-element_type=\"container\">\n\t\t\t\t\t<div class=\"e-con-inner\">\n\t\t\t\t<div class=\"elementor-element elementor-element-e19f8ba elementor-widget-divider--view-line elementor-widget elementor-widget-divider\" data-id=\"e19f8ba\" data-element_type=\"widget\" data-widget_type=\"divider.default\">\n\t\t\t\t<div class=\"elementor-widget-container\">\n\t\t\t\t\t\t\t<div class=\"elementor-divider\">\n\t\t\t<span class=\"elementor-divider-separator\">\n\t\t\t\t\t\t<\/span>\n\t\t<\/div>\n\t\t\t\t\t\t<\/div>\n\t\t\t\t<\/div>\n\t\t\t\t\t<\/div>\n\t\t\t\t<\/div>\n\t\t<div class=\"elementor-element elementor-element-7cc77e6 e-flex e-con-boxed e-con e-parent\" data-id=\"7cc77e6\" data-element_type=\"container\">\n\t\t\t\t\t<div class=\"e-con-inner\">\n\t\t<div class=\"elementor-element elementor-element-516543f e-con-full e-flex e-con e-child\" data-id=\"516543f\" data-element_type=\"container\">\n\t\t\t\t<div class=\"elementor-element elementor-element-5a3ee68 elementor-widget elementor-widget-image\" data-id=\"5a3ee68\" data-element_type=\"widget\" data-widget_type=\"image.default\">\n\t\t\t\t<div class=\"elementor-widget-container\">\n\t\t\t\t\t\t\t\t\t\t\t\t\t\t\t<img loading=\"lazy\" decoding=\"async\" width=\"1024\" height=\"709\" src=\"http:\/\/investigacion.une.edu.py\/wp-content\/uploads\/2024\/09\/llamado_Revista_fp.jpg\" class=\"attachment-large size-large wp-image-2165\" alt=\"\" \/>\t\t\t\t\t\t\t\t\t\t\t\t\t\t\t<\/div>\n\t\t\t\t<\/div>\n\t\t\t\t<\/div>\n\t\t<div class=\"elementor-element elementor-element-0431f90 e-con-full e-flex e-con e-child\" data-id=\"0431f90\" data-element_type=\"container\">\n\t\t\t\t<div class=\"elementor-element elementor-element-1b36b36 elementor-widget elementor-widget-text-editor\" data-id=\"1b36b36\" data-element_type=\"widget\" data-widget_type=\"text-editor.default\">\n\t\t\t\t<div class=\"elementor-widget-container\">\n\t\t\t\t\t\t\t\t\t<p style=\"text-align: justify;\">La Revista FPUNE Scientific de la Facultad Polit\u00e9cnica de la Universidad Nacional del Este, invita a presentar art\u00edculos cient\u00edficos o t\u00e9cnicos en la \u00e1rea de inform\u00e1tica, el\u00e9ctrica y turismo.<br \/><strong>ENV\u00cdOS:<\/strong> se realizar\u00e1n a trav\u00e9s de la direcci\u00f3n de correo electr\u00f3nico <span id=\"cloakaf0e647b8d4bdb4b9c1662de78ef83e2\"><a href=\"mailto:investigacion@fpune.edu.py\">investigacion@fpune.edu.py<\/a><\/span><br \/>Fecha l\u00edmite: <strong>hasta el 31 de julio del presente a\u00f1o.<\/strong><br \/>Todos los art\u00edculos aceptados ser\u00e1n publicados en la Revista FPUNE Scientific electr\u00f3nico.<\/p>\t\t\t\t\t\t\t\t<\/div>\n\t\t\t\t<\/div>\n\t\t\t\t<\/div>\n\t\t\t\t\t<\/div>\n\t\t\t\t<\/div>\n\t\t<div class=\"elementor-element elementor-element-bcd1fe8 e-flex e-con-boxed e-con e-parent\" data-id=\"bcd1fe8\" data-element_type=\"container\">\n\t\t\t\t\t<div class=\"e-con-inner\">\n\t\t\t\t<div class=\"elementor-element elementor-element-aed2adc elementor-widget-divider--view-line elementor-widget elementor-widget-divider\" data-id=\"aed2adc\" data-element_type=\"widget\" data-widget_type=\"divider.default\">\n\t\t\t\t<div class=\"elementor-widget-container\">\n\t\t\t\t\t\t\t<div class=\"elementor-divider\">\n\t\t\t<span class=\"elementor-divider-separator\">\n\t\t\t\t\t\t<\/span>\n\t\t<\/div>\n\t\t\t\t\t\t<\/div>\n\t\t\t\t<\/div>\n\t\t\t\t\t<\/div>\n\t\t\t\t<\/div>\n\t\t<div class=\"elementor-element elementor-element-18722fb e-flex e-con-boxed e-con e-parent\" data-id=\"18722fb\" data-element_type=\"container\">\n\t\t\t\t\t<div class=\"e-con-inner\">\n\t\t<div class=\"elementor-element elementor-element-6dcc7dd e-con-full e-flex e-con e-child\" data-id=\"6dcc7dd\" data-element_type=\"container\">\n\t\t\t\t<div class=\"elementor-element elementor-element-193e803 elementor-widget elementor-widget-image\" data-id=\"193e803\" data-element_type=\"widget\" data-widget_type=\"image.default\">\n\t\t\t\t<div class=\"elementor-widget-container\">\n\t\t\t\t\t\t\t\t\t\t\t\t\t\t\t<img loading=\"lazy\" decoding=\"async\" width=\"1024\" height=\"1024\" src=\"http:\/\/investigacion.une.edu.py\/wp-content\/uploads\/2024\/09\/Flyer_FDCS.jpeg\" class=\"attachment-large size-large wp-image-2163\" alt=\"\" \/>\t\t\t\t\t\t\t\t\t\t\t\t\t\t\t<\/div>\n\t\t\t\t<\/div>\n\t\t\t\t<\/div>\n\t\t<div class=\"elementor-element elementor-element-3cf873e e-con-full e-flex e-con e-child\" data-id=\"3cf873e\" data-element_type=\"container\">\n\t\t\t\t<div class=\"elementor-element elementor-element-50c8807 elementor-widget elementor-widget-text-editor\" data-id=\"50c8807\" data-element_type=\"widget\" data-widget_type=\"text-editor.default\">\n\t\t\t\t<div class=\"elementor-widget-container\">\n\t\t\t\t\t\t\t\t\t<p style=\"text-align: justify;\">El Consejo Editor de la Revista Jur\u00eddica y Educativa de la FDCS UNE invita a presentar art\u00edculos sobre temas con enfoque jur\u00eddico y de relevancia para la educaci\u00f3n superior para ser publicados en su tercera edici\u00f3n.<br \/>La convocatoria est\u00e1 dirigida a docentes, estudiantes, egresados, invitados especiales y la comunidad educativa para la presentaci\u00f3n de art\u00edculos, comentarios a fallos y ensayos.<br \/>Los trabajos deben ser enviados a: <span id=\"cloaka4fe863f28908a3455098a8ffa337d38\"><a href=\"mailto:revistajuridica.derechoune@gmail.com\">revistajuridica.derechoune@gmail.com<\/a><\/span><\/p>\t\t\t\t\t\t\t\t<\/div>\n\t\t\t\t<\/div>\n\t\t\t\t<\/div>\n\t\t\t\t\t<\/div>\n\t\t\t\t<\/div>\n\t\t\t\t<\/div>\n\t\t","protected":false},"excerpt":{"rendered":"<p>Convocatorias de revistas Convocatoria Abierta para la Revista FPUNE Scientific N.\u00ba 21 \u2013 A\u00f1o 2025&nbsp; La Revista FPUNE Scientific invita a la comunidad acad\u00e9mica y cient\u00edfica a postular art\u00edculos para su edici\u00f3n N.\u00ba 21, correspondiente al a\u00f1o 2025, en las siguientes \u00e1reas del conocimiento: ? Inform\u00e1tica \u26a1 El\u00e9ctrica ? Turismo ? Fecha l\u00edmite de postulaci\u00f3n: [&hellip;]<\/p>\n","protected":false},"author":1,"featured_media":0,"parent":0,"menu_order":0,"comment_status":"closed","ping_status":"closed","template":"","meta":{"site-sidebar-layout":"no-sidebar","site-content-layout":"page-builder","ast-site-content-layout":"full-width-container","site-content-style":"default","site-sidebar-style":"default","ast-global-header-display":"","ast-banner-title-visibility":"","ast-main-header-display":"","ast-hfb-above-header-display":"","ast-hfb-below-header-display":"","ast-hfb-mobile-header-display":"","site-post-title":"disabled","ast-breadcrumbs-content":"","ast-featured-img":"disabled","footer-sml-layout":"","theme-transparent-header-meta":"","adv-header-id-meta":"","stick-header-meta":"","header-above-stick-meta":"","header-main-stick-meta":"","header-below-stick-meta":"","astra-migrate-meta-layouts":"set","ast-page-background-enabled":"default","ast-page-background-meta":{"desktop":{"background-color":"var(--ast-global-color-4)","background-image":"","background-repeat":"repeat","background-position":"center center","background-size":"auto","background-attachment":"scroll","background-type":"","background-media":"","overlay-type":"","overlay-color":"","overlay-opacity":"","overlay-gradient":""},"tablet":{"background-color":"","background-image":"","background-repeat":"repeat","background-position":"center center","background-size":"auto","background-attachment":"scroll","background-type":"","background-media":"","overlay-type":"","overlay-color":"","overlay-opacity":"","overlay-gradient":""},"mobile":{"background-color":"","background-image":"","background-repeat":"repeat","background-position":"center center","background-size":"auto","background-attachment":"scroll","background-type":"","background-media":"","overlay-type":"","overlay-color":"","overlay-opacity":"","overlay-gradient":""}},"ast-content-background-meta":{"desktop":{"background-color":"var(--ast-global-color-5)","background-image":"","background-repeat":"repeat","background-position":"center center","background-size":"auto","background-attachment":"scroll","background-type":"","background-media":"","overlay-type":"","overlay-color":"","overlay-opacity":"","overlay-gradient":""},"tablet":{"background-color":"var(--ast-global-color-5)","background-image":"","background-repeat":"repeat","background-position":"center center","background-size":"auto","background-attachment":"scroll","background-type":"","background-media":"","overlay-type":"","overlay-color":"","overlay-opacity":"","overlay-gradient":""},"mobile":{"background-color":"var(--ast-global-color-5)","background-image":"","background-repeat":"repeat","background-position":"center center","background-size":"auto","background-attachment":"scroll","background-type":"","background-media":"","overlay-type":"","overlay-color":"","overlay-opacity":"","overlay-gradient":""}},"footnotes":""},"class_list":["post-1682","page","type-page","status-publish","hentry"],"_links":{"self":[{"href":"http:\/\/investigacion.une.edu.py\/index.php?rest_route=\/wp\/v2\/pages\/1682","targetHints":{"allow":["GET"]}}],"collection":[{"href":"http:\/\/investigacion.une.edu.py\/index.php?rest_route=\/wp\/v2\/pages"}],"about":[{"href":"http:\/\/investigacion.une.edu.py\/index.php?rest_route=\/wp\/v2\/types\/page"}],"author":[{"embeddable":true,"href":"http:\/\/investigacion.une.edu.py\/index.php?rest_route=\/wp\/v2\/users\/1"}],"replies":[{"embeddable":true,"href":"http:\/\/investigacion.une.edu.py\/index.php?rest_route=%2Fwp%2Fv2%2Fcomments&post=1682"}],"version-history":[{"count":92,"href":"http:\/\/investigacion.une.edu.py\/index.php?rest_route=\/wp\/v2\/pages\/1682\/revisions"}],"predecessor-version":[{"id":3150,"href":"http:\/\/investigacion.une.edu.py\/index.php?rest_route=\/wp\/v2\/pages\/1682\/revisions\/3150"}],"wp:attachment":[{"href":"http:\/\/investigacion.une.edu.py\/index.php?rest_route=%2Fwp%2Fv2%2Fmedia&parent=1682"}],"curies":[{"name":"wp","href":"https:\/\/api.w.org\/{rel}","templated":true}]}}