{"id":1828,"date":"2024-09-17T11:43:30","date_gmt":"2024-09-17T15:43:30","guid":{"rendered":"http:\/\/investigacion.une.edu.py\/inves\/?page_id=1828"},"modified":"2024-09-19T09:17:46","modified_gmt":"2024-09-19T13:17:46","slug":"portal-revistas-augm","status":"publish","type":"page","link":"http:\/\/investigacion.une.edu.py\/?page_id=1828","title":{"rendered":"Portal de revistas AUGM"},"content":{"rendered":"\t\t<div data-elementor-type=\"wp-page\" data-elementor-id=\"1828\" class=\"elementor elementor-1828\" data-elementor-post-type=\"page\">\n\t\t\t\t<div class=\"elementor-element elementor-element-6814889 e-flex e-con-boxed e-con e-parent\" data-id=\"6814889\" data-element_type=\"container\" data-settings=\"{&quot;background_background&quot;:&quot;classic&quot;}\">\n\t\t\t\t\t<div class=\"e-con-inner\">\n\t\t\t\t<div class=\"elementor-element elementor-element-6098f85 elementor-widget elementor-widget-heading\" data-id=\"6098f85\" data-element_type=\"widget\" data-widget_type=\"heading.default\">\n\t\t\t\t<div class=\"elementor-widget-container\">\n\t\t\t\t\t<h1 class=\"elementor-heading-title elementor-size-default\">Portal de revistas cient\u00edficas<\/h1>\t\t\t\t<\/div>\n\t\t\t\t<\/div>\n\t\t\t\t<div class=\"elementor-element elementor-element-61e8667 elementor-widget elementor-widget-heading\" data-id=\"61e8667\" data-element_type=\"widget\" data-widget_type=\"heading.default\">\n\t\t\t\t<div class=\"elementor-widget-container\">\n\t\t\t\t\t<h1 class=\"elementor-heading-title elementor-size-default\">Asociaci\u00f3n de Universidades del grupo Montevideo - AUGM<\/h1>\t\t\t\t<\/div>\n\t\t\t\t<\/div>\n\t\t\t\t\t<\/div>\n\t\t\t\t<\/div>\n\t\t<div class=\"elementor-element elementor-element-6593448 e-flex e-con-boxed e-con e-parent\" data-id=\"6593448\" data-element_type=\"container\">\n\t\t\t\t\t<div class=\"e-con-inner\">\n\t\t<div class=\"elementor-element elementor-element-dcfb234 e-con-full e-flex e-con e-child\" data-id=\"dcfb234\" data-element_type=\"container\">\n\t\t\t\t<div class=\"elementor-element elementor-element-492ee16 elementor-widget elementor-widget-image\" data-id=\"492ee16\" data-element_type=\"widget\" data-widget_type=\"image.default\">\n\t\t\t\t<div class=\"elementor-widget-container\">\n\t\t\t\t\t\t\t\t\t\t\t\t\t\t\t<img fetchpriority=\"high\" decoding=\"async\" width=\"631\" height=\"590\" src=\"http:\/\/investigacion.une.edu.py\/wp-content\/uploads\/2024\/09\/logo_revistas.jpg\" class=\"attachment-large size-large wp-image-2182\" alt=\"\" \/>\t\t\t\t\t\t\t\t\t\t\t\t\t\t\t<\/div>\n\t\t\t\t<\/div>\n\t\t\t\t<\/div>\n\t\t<div class=\"elementor-element elementor-element-b737d4a e-con-full e-flex e-con e-child\" data-id=\"b737d4a\" data-element_type=\"container\">\n\t\t\t\t<div class=\"elementor-element elementor-element-8fce991 elementor-widget elementor-widget-text-editor\" data-id=\"8fce991\" data-element_type=\"widget\" data-widget_type=\"text-editor.default\">\n\t\t\t\t<div class=\"elementor-widget-container\">\n\t\t\t\t\t\t\t\t\t<p>Con este <em><strong>Portal de revistas electr\u00f3nicas<\/strong><\/em>, la Universidad Nacional del Este pone a disposici\u00f3n de la comunidad las publicaciones pertenecientes a Universidades Miembros de la Asociaci\u00f3n de Universidades del Grupo Montevideo \u2013 AUGM.<\/p><p><em><strong>La Asociaci\u00f3n de Universidades Grupo Montevideo (AUGM) es una Red de Universidades p\u00fablicas, aut\u00f3nomas y autogobernadas de Argentina, Bolivia, Brasil, Chile, Paraguay y Uruguay<\/strong><\/em> que, en raz\u00f3n de sus semejanzas, comparten sus vocaciones, su car\u00e1cter p\u00fablico, sus similitudes en las estructuras acad\u00e9micas y la equivalencia de los niveles de sus servicios; caracter\u00edsticas que las sit\u00faan en condiciones de desarrollar actividades de cooperaci\u00f3n con perspectivas ciertas de viabilidad.<\/p><p>El portal est\u00e1 dividido en 6 \u00e1reas del conocimiento: <em><strong>Ciencias Sociales, Ciencias de la Salud, Ingenieras \u2013 Exactas, Artes, Agro-ambiental, Multidisciplinar y tambi\u00e9n se encuentra disponible un espacio para las revistas de Extensi\u00f3n.<\/strong><\/em><\/p>\t\t\t\t\t\t\t\t<\/div>\n\t\t\t\t<\/div>\n\t\t\t\t<\/div>\n\t\t\t\t\t<\/div>\n\t\t\t\t<\/div>\n\t\t<div class=\"elementor-element elementor-element-c6974b6 e-flex e-con-boxed e-con e-parent\" data-id=\"c6974b6\" data-element_type=\"container\">\n\t\t\t\t\t<div class=\"e-con-inner\">\n\t\t<div class=\"elementor-element elementor-element-fb2dbd0 e-con-full e-flex e-con e-child\" data-id=\"fb2dbd0\" data-element_type=\"container\">\n\t\t\t\t<div class=\"elementor-element elementor-element-8bfa32f elementor-widget elementor-widget-text-editor\" data-id=\"8bfa32f\" data-element_type=\"widget\" data-widget_type=\"text-editor.default\">\n\t\t\t\t<div class=\"elementor-widget-container\">\n\t\t\t\t\t\t\t\t\t<p>Las \u00e1reas responden a las l\u00edneas de investigaci\u00f3n de la Universidad Nacional del Este y est\u00e1n clasificadas por los pa\u00edses integrantes de la red internacional AUGM; dentro de cada espacio se encuentra disponible una breve descripci\u00f3n de la producci\u00f3n de cada revista.<\/p><p>Se trata de una iniciativa de la <em><strong>Direcci\u00f3n General de Investigaci\u00f3n del Rectorado de la UNE<\/strong><\/em> con el objetivo de facilitar el acceso a las revistas cient\u00edfico-acad\u00e9micas de las universidades que integran la AUGM, para su &#8216;posterior publicaci\u00f3n en las mismas.<\/p><p>Asimismo, se espera que este espacio pueda convertirse en una herramienta de consulta y de intercambio para los equipos editoriales, sobre los principales aspectos que hacen a la gesti\u00f3n, la edici\u00f3n y la publicaci\u00f3n de revistas cient\u00edficas y acad\u00e9micas electr\u00f3nicas.<\/p><p><em><strong>Se aclara que las opiniones expresadas por el\/los autor\/es de las revistas enlazadas en este Portal son de exclusiva responsabilidad de los mismos.<\/strong><\/em><\/p>\t\t\t\t\t\t\t\t<\/div>\n\t\t\t\t<\/div>\n\t\t\t\t<\/div>\n\t\t<div class=\"elementor-element elementor-element-694a2d2 e-con-full e-flex e-con e-child\" data-id=\"694a2d2\" data-element_type=\"container\">\n\t\t\t\t<div class=\"elementor-element elementor-element-4e52730 elementor-widget elementor-widget-image\" data-id=\"4e52730\" data-element_type=\"widget\" data-widget_type=\"image.default\">\n\t\t\t\t<div class=\"elementor-widget-container\">\n\t\t\t\t\t\t\t\t\t\t\t\t\t\t\t<img decoding=\"async\" width=\"512\" height=\"512\" src=\"http:\/\/investigacion.une.edu.py\/wp-content\/uploads\/2024\/09\/augm.jpg\" class=\"attachment-large size-large wp-image-2186\" alt=\"\" \/>\t\t\t\t\t\t\t\t\t\t\t\t\t\t\t<\/div>\n\t\t\t\t<\/div>\n\t\t\t\t<\/div>\n\t\t\t\t\t<\/div>\n\t\t\t\t<\/div>\n\t\t<div class=\"elementor-element elementor-element-5b6ecb1 e-flex e-con-boxed e-con e-parent\" data-id=\"5b6ecb1\" data-element_type=\"container\">\n\t\t\t\t\t<div class=\"e-con-inner\">\n\t\t\t\t<div class=\"elementor-element elementor-element-4dc1d23 elementor-widget elementor-widget-text-editor\" data-id=\"4dc1d23\" data-element_type=\"widget\" data-widget_type=\"text-editor.default\">\n\t\t\t\t<div class=\"elementor-widget-container\">\n\t\t\t\t\t\t\t\t\t<p><strong>Universidades Miembro<\/strong><\/p>\t\t\t\t\t\t\t\t<\/div>\n\t\t\t\t<\/div>\n\t\t\t\t\t<\/div>\n\t\t\t\t<\/div>\n\t\t<div class=\"elementor-element elementor-element-1ea6491 e-flex e-con-boxed e-con e-parent\" data-id=\"1ea6491\" data-element_type=\"container\">\n\t\t\t\t\t<div class=\"e-con-inner\">\n\t\t\t\t<div class=\"elementor-element elementor-element-b624fd6 elementor-tabs-view-horizontal elementor-widget elementor-widget-tabs\" data-id=\"b624fd6\" data-element_type=\"widget\" data-widget_type=\"tabs.default\">\n\t\t\t\t<div class=\"elementor-widget-container\">\n\t\t\t\t\t\t\t<div class=\"elementor-tabs\">\n\t\t\t<div class=\"elementor-tabs-wrapper\" role=\"tablist\" >\n\t\t\t\t\t\t\t\t\t<div id=\"elementor-tab-title-1901\" class=\"elementor-tab-title elementor-tab-desktop-title\" aria-selected=\"true\" data-tab=\"1\" role=\"tab\" tabindex=\"0\" aria-controls=\"elementor-tab-content-1901\" aria-expanded=\"false\">Paraguay<\/div>\n\t\t\t\t\t\t\t\t\t<div id=\"elementor-tab-title-1902\" class=\"elementor-tab-title elementor-tab-desktop-title\" aria-selected=\"false\" data-tab=\"2\" role=\"tab\" tabindex=\"-1\" aria-controls=\"elementor-tab-content-1902\" aria-expanded=\"false\">Brasil<\/div>\n\t\t\t\t\t\t\t\t\t<div id=\"elementor-tab-title-1903\" class=\"elementor-tab-title elementor-tab-desktop-title\" aria-selected=\"false\" data-tab=\"3\" role=\"tab\" tabindex=\"-1\" aria-controls=\"elementor-tab-content-1903\" aria-expanded=\"false\">Bolivia<\/div>\n\t\t\t\t\t\t\t\t\t<div id=\"elementor-tab-title-1904\" class=\"elementor-tab-title elementor-tab-desktop-title\" aria-selected=\"false\" data-tab=\"4\" role=\"tab\" tabindex=\"-1\" aria-controls=\"elementor-tab-content-1904\" aria-expanded=\"false\">Argentina<\/div>\n\t\t\t\t\t\t\t\t\t<div id=\"elementor-tab-title-1905\" class=\"elementor-tab-title elementor-tab-desktop-title\" aria-selected=\"false\" data-tab=\"5\" role=\"tab\" tabindex=\"-1\" aria-controls=\"elementor-tab-content-1905\" aria-expanded=\"false\">Uruguay<\/div>\n\t\t\t\t\t\t\t\t\t<div id=\"elementor-tab-title-1906\" class=\"elementor-tab-title elementor-tab-desktop-title\" aria-selected=\"false\" data-tab=\"6\" role=\"tab\" tabindex=\"-1\" aria-controls=\"elementor-tab-content-1906\" aria-expanded=\"false\">Chile<\/div>\n\t\t\t\t\t\t\t<\/div>\n\t\t\t<div class=\"elementor-tabs-content-wrapper\" role=\"tablist\" aria-orientation=\"vertical\">\n\t\t\t\t\t\t\t\t\t<div class=\"elementor-tab-title elementor-tab-mobile-title\" aria-selected=\"true\" data-tab=\"1\" role=\"tab\" tabindex=\"0\" aria-controls=\"elementor-tab-content-1901\" aria-expanded=\"false\">Paraguay<\/div>\n\t\t\t\t\t<div id=\"elementor-tab-content-1901\" class=\"elementor-tab-content elementor-clearfix\" data-tab=\"1\" role=\"tabpanel\" aria-labelledby=\"elementor-tab-title-1901\" tabindex=\"0\" hidden=\"false\"><p><a href=\"http:\/\/revistas.une.edu.py\/\">Universidad Nacional del Este (UNE)<\/a><br \/>Universidad Nacional de Concepci\u00f3n (UNC)<br \/><a href=\"https:\/\/revistascientificas.una.py\/\">Universidad Nacional de Asunci\u00f3n (UNA)<\/a><br \/><a href=\"http:\/\/publicaciones.uni.edu.py\/index.php\/eisa\">Universidad Nacional de Itap\u00faa (UNI)<\/a><\/p><\/div>\n\t\t\t\t\t\t\t\t\t<div class=\"elementor-tab-title elementor-tab-mobile-title\" aria-selected=\"false\" data-tab=\"2\" role=\"tab\" tabindex=\"-1\" aria-controls=\"elementor-tab-content-1902\" aria-expanded=\"false\">Brasil<\/div>\n\t\t\t\t\t<div id=\"elementor-tab-content-1902\" class=\"elementor-tab-content elementor-clearfix\" data-tab=\"2\" role=\"tabpanel\" aria-labelledby=\"elementor-tab-title-1902\" tabindex=\"0\" hidden=\"hidden\"><p><a href=\"http:\/\/portal.biblioteca.ufabc.edu.br\/publicacoes\">Universidade Federal do ABC (UFABC)<\/a><br \/><a href=\"https:\/\/www.furg.br\/component\/tags\/tag\/revista\">Universidade Federal do Rio Grande (FURG)<\/a><br \/><a href=\"https:\/\/www.revistas.ufg.br\/\">Universidade Federal de Goi\u00e1s (UFG)<\/a><br \/><a href=\"https:\/\/www.ufmg.br\/revistaufmg\/\">Universidade Federal de Minas Gerais (UFMG)<\/a><br \/><a href=\"https:\/\/revistas.ufpr.br\/\">Universidade Federal do Paran\u00e1 (UFPR)<\/a><br \/><a href=\"http:\/\/www.ufrgs.br\/periodicos\">Universidade Federal do Rio Grande do Sul (UFRGS)<\/a><br \/><a href=\"https:\/\/revistas.ufrj.br\/\">Universidade Federal do Rio de Janeiro (UFRJ)<\/a><br \/><a href=\"http:\/\/periodicos.bu.ufsc.br\/periodicos-de-a-a-z\/\">Universidade Federal de Santa Catarina (UFSC)<\/a><br \/><a href=\"http:\/\/www.periodicos.ufscar.br\/periodicos-ufscar\">Universidade Federal de S\u00e3o Carlos (UFSCar)<\/a><br \/><a href=\"https:\/\/periodicos.ufsm.br\/\">Universidade Federal de Santa Maria (UFSM)<\/a><br \/><a href=\"https:\/\/periodicos.unb.br\/\">Universidade de Bras\u00edlia (UnB)<\/a><br \/><a href=\"https:\/\/www.periodicos.rc.biblioteca.unesp.br\/\">Universidade Estadual Paulista (UNESP)<\/a><br \/><a href=\"https:\/\/www.sbu.unicamp.br\/sbu\/portal-de-periodicos-eletronicos-cientificos-da-unicamp-ppec\/\">Universidade Estadual de Campinas (UNICAMP)<\/a><br \/><a href=\"https:\/\/periodicos.unifesp.br\/\">Universidade Federal de S\u00e3o Paulo (UNIFESP)<\/a><br \/><a href=\"https:\/\/www5.usp.br\/tag\/portal-de-revistas-da-usp\/\">Universidade de S\u00e3o Paulo (USP)<\/a><\/p><\/div>\n\t\t\t\t\t\t\t\t\t<div class=\"elementor-tab-title elementor-tab-mobile-title\" aria-selected=\"false\" data-tab=\"3\" role=\"tab\" tabindex=\"-1\" aria-controls=\"elementor-tab-content-1903\" aria-expanded=\"false\">Bolivia<\/div>\n\t\t\t\t\t<div id=\"elementor-tab-content-1903\" class=\"elementor-tab-content elementor-clearfix\" data-tab=\"3\" role=\"tabpanel\" aria-labelledby=\"elementor-tab-title-1903\" tabindex=\"0\" hidden=\"hidden\"><p><a href=\"https:\/\/repositorio.umsa.bo\/handle\/123456789\/1461\">Universidad Mayor de San Andr\u00e9s (UMSA)<\/a><br \/><a href=\"http:\/\/revistas.usfx.bo\/index.php\/index\">Universidad Mayor, Real y Pontificia de San Francisco Xavier de Chuquisaca (UMRPSFXCH)<\/a><\/p><\/div>\n\t\t\t\t\t\t\t\t\t<div class=\"elementor-tab-title elementor-tab-mobile-title\" aria-selected=\"false\" data-tab=\"4\" role=\"tab\" tabindex=\"-1\" aria-controls=\"elementor-tab-content-1904\" aria-expanded=\"false\">Argentina<\/div>\n\t\t\t\t\t<div id=\"elementor-tab-content-1904\" class=\"elementor-tab-content elementor-clearfix\" data-tab=\"4\" role=\"tabpanel\" aria-labelledby=\"elementor-tab-title-1904\" tabindex=\"0\" hidden=\"hidden\"><p><a href=\"http:\/\/repositoriouba.sisbi.uba.ar\/gsdl\/cgi-bin\/library.cgi?e=p-10000-00---off-0--00-----0-10-0---0---0direct-10----4-------0-1l--10-es-Zz-1---20-home---0--1-00-00--4----0-0-01-00-0utfZz-8-00&amp;a=p&amp;p=about&amp;c=revis\">Universidad de Buenos Aires (UBA)<\/a><br \/><a href=\"https:\/\/revistas.unc.edu.ar\/\">Universidad Nacional de C\u00f3rdoba (UNC)<\/a><br \/><a href=\"http:\/\/revistas.uncu.edu.ar\/ojs3\/index.php\">Universidad Nacional de Cuyo (UNCuyo)<\/a><br \/><a href=\"http:\/\/pcient.uner.edu.ar\/\">Universidad Nacional de Entre R\u00edos (UNER)<\/a><br \/><a href=\"https:\/\/www.unl.edu.ar\/academica\/portal-de-revistas-de-la-unl\/\">Universidad Nacional del Litoral (UNL)<\/a><br \/><a href=\"https:\/\/portalderevistas.unlp.edu.ar\/\">Universidad Nacional de La Plata (UNLP)<\/a><br \/>Universidad Nacional de Mar del Plata (UNMdP)<br \/><a href=\"https:\/\/revistas.unne.edu.ar\/\">Universidad Nacional del Nordeste (UNNE)<\/a><br \/><a href=\"http:\/\/www.unnoba.edu.ar\/investigacion-prod\/revista-nucleos\/\">Universidad Nacional del Noroeste de Buenos Aires (UNNOBA)<\/a><br \/>Universidad Nacional de Rosario (UNR)<br \/><a href=\"https:\/\/ediciones.unq.edu.ar\/\">Universidad Nacional de Quilmes (UNQ)<\/a><br \/><a href=\"https:\/\/revistas.uns.edu.ar\/\">Universidad Nacional del Sur (UNS)<\/a><br \/>Universidad Nacional de San Luis (UNSL)<br \/>Universidad Nacional de Tucum\u00e1n (UNT)<\/p><\/div>\n\t\t\t\t\t\t\t\t\t<div class=\"elementor-tab-title elementor-tab-mobile-title\" aria-selected=\"false\" data-tab=\"5\" role=\"tab\" tabindex=\"-1\" aria-controls=\"elementor-tab-content-1905\" aria-expanded=\"false\">Uruguay<\/div>\n\t\t\t\t\t<div id=\"elementor-tab-content-1905\" class=\"elementor-tab-content elementor-clearfix\" data-tab=\"5\" role=\"tabpanel\" aria-labelledby=\"elementor-tab-title-1905\" tabindex=\"0\" hidden=\"hidden\"><p>Universidad de la Rep\u00fablica (UDELAR)<\/p><\/div>\n\t\t\t\t\t\t\t\t\t<div class=\"elementor-tab-title elementor-tab-mobile-title\" aria-selected=\"false\" data-tab=\"6\" role=\"tab\" tabindex=\"-1\" aria-controls=\"elementor-tab-content-1906\" aria-expanded=\"false\">Chile<\/div>\n\t\t\t\t\t<div id=\"elementor-tab-content-1906\" class=\"elementor-tab-content elementor-clearfix\" data-tab=\"6\" role=\"tabpanel\" aria-labelledby=\"elementor-tab-title-1906\" tabindex=\"0\" hidden=\"hidden\"><p><a href=\"https:\/\/revistas.uchile.cl\/\">Universidad de Chile (UChile)<\/a><br \/><a href=\"https:\/\/www.upla.cl\/bibliotecas\/revistas-upla\/\">Universidad de Playa Ancha (UPLA)<\/a><br \/><a href=\"http:\/\/www.revistas.usach.cl\/ojs\/\">Universidad de Santiago de Chile (USACH)<\/a><br \/><a href=\"https:\/\/revistas.uv.cl\/\">Universidad de Valpara\u00edso (UV)<\/a><\/p><\/div>\n\t\t\t\t\t\t\t<\/div>\n\t\t<\/div>\n\t\t\t\t\t\t<\/div>\n\t\t\t\t<\/div>\n\t\t\t\t\t<\/div>\n\t\t\t\t<\/div>\n\t\t<div class=\"elementor-element elementor-element-270a43e e-flex e-con-boxed e-con e-parent\" data-id=\"270a43e\" data-element_type=\"container\">\n\t\t\t\t\t<div class=\"e-con-inner\">\n\t\t\t\t<div class=\"elementor-element elementor-element-674f799 elementor-widget elementor-widget-text-editor\" data-id=\"674f799\" data-element_type=\"widget\" data-widget_type=\"text-editor.default\">\n\t\t\t\t<div class=\"elementor-widget-container\">\n\t\t\t\t\t\t\t\t\t<p><strong>\u00c1reas de conocimiento<\/strong><\/p>\t\t\t\t\t\t\t\t<\/div>\n\t\t\t\t<\/div>\n\t\t\t\t\t<\/div>\n\t\t\t\t<\/div>\n\t\t<div class=\"elementor-element elementor-element-fdeb7c9 e-flex e-con-boxed e-con e-parent\" data-id=\"fdeb7c9\" data-element_type=\"container\">\n\t\t\t\t\t<div class=\"e-con-inner\">\n\t\t\t\t<div class=\"elementor-element elementor-element-3b219f2 elementor-widget elementor-widget-text-editor\" data-id=\"3b219f2\" data-element_type=\"widget\" data-widget_type=\"text-editor.default\">\n\t\t\t\t<div class=\"elementor-widget-container\">\n\t\t\t\t\t\t\t\t\t<ul><li>Ciencias sociales<\/li><li>Artes<\/li><li>Multidisciplinar<\/li><li>Ciencias de la Salud<\/li><li>Agro-ambiental<\/li><li>Extensi\u00f3n<\/li><li>Ingenier\u00eda y exactas<\/li><\/ul>\t\t\t\t\t\t\t\t<\/div>\n\t\t\t\t<\/div>\n\t\t\t\t\t<\/div>\n\t\t\t\t<\/div>\n\t\t\t\t<\/div>\n\t\t","protected":false},"excerpt":{"rendered":"<p>Portal de revistas cient\u00edficas Asociaci\u00f3n de Universidades del grupo Montevideo &#8211; AUGM Con este Portal de revistas electr\u00f3nicas, la Universidad Nacional del Este pone a disposici\u00f3n de la comunidad las publicaciones pertenecientes a Universidades Miembros de la Asociaci\u00f3n de Universidades del Grupo Montevideo \u2013 AUGM. La Asociaci\u00f3n de Universidades Grupo Montevideo (AUGM) es una Red [&hellip;]<\/p>\n","protected":false},"author":1,"featured_media":0,"parent":0,"menu_order":0,"comment_status":"closed","ping_status":"closed","template":"","meta":{"site-sidebar-layout":"no-sidebar","site-content-layout":"page-builder","ast-site-content-layout":"full-width-container","site-content-style":"default","site-sidebar-style":"default","ast-global-header-display":"","ast-banner-title-visibility":"","ast-main-header-display":"","ast-hfb-above-header-display":"","ast-hfb-below-header-display":"","ast-hfb-mobile-header-display":"","site-post-title":"disabled","ast-breadcrumbs-content":"","ast-featured-img":"disabled","footer-sml-layout":"","theme-transparent-header-meta":"","adv-header-id-meta":"","stick-header-meta":"","header-above-stick-meta":"","header-main-stick-meta":"","header-below-stick-meta":"","astra-migrate-meta-layouts":"default","ast-page-background-enabled":"default","ast-page-background-meta":{"desktop":{"background-color":"var(--ast-global-color-4)","background-image":"","background-repeat":"repeat","background-position":"center center","background-size":"auto","background-attachment":"scroll","background-type":"","background-media":"","overlay-type":"","overlay-color":"","overlay-opacity":"","overlay-gradient":""},"tablet":{"background-color":"","background-image":"","background-repeat":"repeat","background-position":"center center","background-size":"auto","background-attachment":"scroll","background-type":"","background-media":"","overlay-type":"","overlay-color":"","overlay-opacity":"","overlay-gradient":""},"mobile":{"background-color":"","background-image":"","background-repeat":"repeat","background-position":"center center","background-size":"auto","background-attachment":"scroll","background-type":"","background-media":"","overlay-type":"","overlay-color":"","overlay-opacity":"","overlay-gradient":""}},"ast-content-background-meta":{"desktop":{"background-color":"var(--ast-global-color-5)","background-image":"","background-repeat":"repeat","background-position":"center center","background-size":"auto","background-attachment":"scroll","background-type":"","background-media":"","overlay-type":"","overlay-color":"","overlay-opacity":"","overlay-gradient":""},"tablet":{"background-color":"var(--ast-global-color-5)","background-image":"","background-repeat":"repeat","background-position":"center center","background-size":"auto","background-attachment":"scroll","background-type":"","background-media":"","overlay-type":"","overlay-color":"","overlay-opacity":"","overlay-gradient":""},"mobile":{"background-color":"var(--ast-global-color-5)","background-image":"","background-repeat":"repeat","background-position":"center center","background-size":"auto","background-attachment":"scroll","background-type":"","background-media":"","overlay-type":"","overlay-color":"","overlay-opacity":"","overlay-gradient":""}},"footnotes":""},"class_list":["post-1828","page","type-page","status-publish","hentry"],"_links":{"self":[{"href":"http:\/\/investigacion.une.edu.py\/index.php?rest_route=\/wp\/v2\/pages\/1828","targetHints":{"allow":["GET"]}}],"collection":[{"href":"http:\/\/investigacion.une.edu.py\/index.php?rest_route=\/wp\/v2\/pages"}],"about":[{"href":"http:\/\/investigacion.une.edu.py\/index.php?rest_route=\/wp\/v2\/types\/page"}],"author":[{"embeddable":true,"href":"http:\/\/investigacion.une.edu.py\/index.php?rest_route=\/wp\/v2\/users\/1"}],"replies":[{"embeddable":true,"href":"http:\/\/investigacion.une.edu.py\/index.php?rest_route=%2Fwp%2Fv2%2Fcomments&post=1828"}],"version-history":[{"count":50,"href":"http:\/\/investigacion.une.edu.py\/index.php?rest_route=\/wp\/v2\/pages\/1828\/revisions"}],"predecessor-version":[{"id":2232,"href":"http:\/\/investigacion.une.edu.py\/index.php?rest_route=\/wp\/v2\/pages\/1828\/revisions\/2232"}],"wp:attachment":[{"href":"http:\/\/investigacion.une.edu.py\/index.php?rest_route=%2Fwp%2Fv2%2Fmedia&parent=1828"}],"curies":[{"name":"wp","href":"https:\/\/api.w.org\/{rel}","templated":true}]}}