{"id":1979,"date":"2024-08-30T11:21:15","date_gmt":"2024-08-30T15:21:15","guid":{"rendered":"http:\/\/investigacion.une.edu.py\/inves\/?page_id=1979"},"modified":"2026-01-30T11:09:30","modified_gmt":"2026-01-30T14:09:30","slug":"internos-2","status":"publish","type":"page","link":"http:\/\/investigacion.une.edu.py\/?page_id=1979","title":{"rendered":"Internos"},"content":{"rendered":"\t\t<div data-elementor-type=\"wp-page\" data-elementor-id=\"1979\" class=\"elementor elementor-1979\" data-elementor-post-type=\"page\">\n\t\t\t\t<div class=\"elementor-element elementor-element-f926e10 e-flex e-con-boxed e-con e-parent\" data-id=\"f926e10\" data-element_type=\"container\" data-settings=\"{&quot;background_background&quot;:&quot;classic&quot;}\">\n\t\t\t\t\t<div class=\"e-con-inner\">\n\t\t\t\t<div class=\"elementor-element elementor-element-3e43f2a elementor-widget elementor-widget-heading\" data-id=\"3e43f2a\" data-element_type=\"widget\" data-widget_type=\"heading.default\">\n\t\t\t\t<div class=\"elementor-widget-container\">\n\t\t\t\t\t<h1 class=\"elementor-heading-title elementor-size-default\">Eventos cient\u00edficos internos<\/h1>\t\t\t\t<\/div>\n\t\t\t\t<\/div>\n\t\t\t\t\t<\/div>\n\t\t\t\t<\/div>\n\t\t<div class=\"elementor-element elementor-element-287ae85 e-flex e-con-boxed e-con e-parent\" data-id=\"287ae85\" data-element_type=\"container\">\n\t\t\t\t\t<div class=\"e-con-inner\">\n\t\t<div class=\"elementor-element elementor-element-e005deb e-con-full e-flex e-con e-child\" data-id=\"e005deb\" data-element_type=\"container\">\n\t\t\t\t<\/div>\n\t\t<div class=\"elementor-element elementor-element-4714785 e-con-full e-flex e-con e-child\" data-id=\"4714785\" data-element_type=\"container\">\n\t\t\t\t<\/div>\n\t\t<div class=\"elementor-element elementor-element-d0b363e e-con-full e-flex e-con e-child\" data-id=\"d0b363e\" data-element_type=\"container\">\n\t\t\t\t<\/div>\n\t\t<div class=\"elementor-element elementor-element-540c6f9 e-con-full e-flex e-con e-child\" data-id=\"540c6f9\" data-element_type=\"container\">\n\t\t\t\t<\/div>\n\t\t\t\t\t<\/div>\n\t\t\t\t<\/div>\n\t\t<div class=\"elementor-element elementor-element-5accbc8 e-flex e-con-boxed e-con e-parent\" data-id=\"5accbc8\" data-element_type=\"container\">\n\t\t\t\t\t<div class=\"e-con-inner\">\n\t\t\t\t<div class=\"elementor-element elementor-element-aa62ab6 elementor-widget elementor-widget-heading\" data-id=\"aa62ab6\" data-element_type=\"widget\" data-widget_type=\"heading.default\">\n\t\t\t\t<div class=\"elementor-widget-container\">\n\t\t\t\t\t<h2 class=\"elementor-heading-title elementor-size-default\">A\u00f1o 2025<\/h2>\t\t\t\t<\/div>\n\t\t\t\t<\/div>\n\t\t\t\t<div class=\"elementor-element elementor-element-630149e elementor-widget-divider--view-line elementor-widget elementor-widget-divider\" data-id=\"630149e\" data-element_type=\"widget\" data-widget_type=\"divider.default\">\n\t\t\t\t<div class=\"elementor-widget-container\">\n\t\t\t\t\t\t\t<div class=\"elementor-divider\">\n\t\t\t<span class=\"elementor-divider-separator\">\n\t\t\t\t\t\t<\/span>\n\t\t<\/div>\n\t\t\t\t\t\t<\/div>\n\t\t\t\t<\/div>\n\t\t\t\t\t<\/div>\n\t\t\t\t<\/div>\n\t\t<div class=\"elementor-element elementor-element-a1f1ecf e-flex e-con-boxed e-con e-parent\" data-id=\"a1f1ecf\" data-element_type=\"container\">\n\t\t\t\t\t<div class=\"e-con-inner\">\n\t\t<div class=\"elementor-element elementor-element-876b87b e-con-full e-flex e-con e-child\" data-id=\"876b87b\" data-element_type=\"container\">\n\t\t\t\t<div class=\"elementor-element elementor-element-c187300 elementor-widget elementor-widget-image\" data-id=\"c187300\" data-element_type=\"widget\" data-widget_type=\"image.default\">\n\t\t\t\t<div class=\"elementor-widget-container\">\n\t\t\t\t\t\t\t\t\t\t\t\t\t\t\t<img fetchpriority=\"high\" decoding=\"async\" width=\"819\" height=\"1024\" src=\"http:\/\/investigacion.une.edu.py\/wp-content\/uploads\/2025\/09\/ConParInf_2025-819x1024.png\" class=\"attachment-large size-large wp-image-3159\" alt=\"\" srcset=\"http:\/\/investigacion.une.edu.py\/wp-content\/uploads\/2025\/09\/ConParInf_2025-819x1024.png 819w, http:\/\/investigacion.une.edu.py\/wp-content\/uploads\/2025\/09\/ConParInf_2025-240x300.png 240w, http:\/\/investigacion.une.edu.py\/wp-content\/uploads\/2025\/09\/ConParInf_2025-768x960.png 768w, http:\/\/investigacion.une.edu.py\/wp-content\/uploads\/2025\/09\/ConParInf_2025.png 1080w\" sizes=\"(max-width: 819px) 100vw, 819px\" \/>\t\t\t\t\t\t\t\t\t\t\t\t\t\t\t<\/div>\n\t\t\t\t<\/div>\n\t\t\t\t<\/div>\n\t\t<div class=\"elementor-element elementor-element-eac5d59 e-con-full e-flex e-con e-child\" data-id=\"eac5d59\" data-element_type=\"container\">\n\t\t\t\t<div class=\"elementor-element elementor-element-b1d4dda elementor-widget elementor-widget-image\" data-id=\"b1d4dda\" data-element_type=\"widget\" data-widget_type=\"image.default\">\n\t\t\t\t<div class=\"elementor-widget-container\">\n\t\t\t\t\t\t\t\t\t\t\t\t\t\t\t<img decoding=\"async\" width=\"819\" height=\"1024\" src=\"http:\/\/investigacion.une.edu.py\/wp-content\/uploads\/2025\/09\/WORKSHOP_2025-819x1024.png\" class=\"attachment-large size-large wp-image-3151\" alt=\"\" srcset=\"http:\/\/investigacion.une.edu.py\/wp-content\/uploads\/2025\/09\/WORKSHOP_2025-819x1024.png 819w, http:\/\/investigacion.une.edu.py\/wp-content\/uploads\/2025\/09\/WORKSHOP_2025-240x300.png 240w, http:\/\/investigacion.une.edu.py\/wp-content\/uploads\/2025\/09\/WORKSHOP_2025-768x960.png 768w, http:\/\/investigacion.une.edu.py\/wp-content\/uploads\/2025\/09\/WORKSHOP_2025.png 1080w\" sizes=\"(max-width: 819px) 100vw, 819px\" \/>\t\t\t\t\t\t\t\t\t\t\t\t\t\t\t<\/div>\n\t\t\t\t<\/div>\n\t\t\t\t<\/div>\n\t\t<div class=\"elementor-element elementor-element-e0b1011 e-con-full e-flex e-con e-child\" data-id=\"e0b1011\" data-element_type=\"container\">\n\t\t\t\t<div class=\"elementor-element elementor-element-50554fc elementor-widget elementor-widget-image\" data-id=\"50554fc\" data-element_type=\"widget\" data-widget_type=\"image.default\">\n\t\t\t\t<div class=\"elementor-widget-container\">\n\t\t\t\t\t\t\t\t\t\t\t\t\t\t\t\t<a href=\"http:\/\/investigacion.une.edu.py\/inves\/?p=3105\">\n\t\t\t\t\t\t\t<img decoding=\"async\" width=\"360\" height=\"233\" src=\"http:\/\/investigacion.une.edu.py\/wp-content\/uploads\/2025\/07\/Portada-FACISA.png\" class=\"attachment-large size-large wp-image-3108\" alt=\"\" srcset=\"http:\/\/investigacion.une.edu.py\/wp-content\/uploads\/2025\/07\/Portada-FACISA.png 360w, http:\/\/investigacion.une.edu.py\/wp-content\/uploads\/2025\/07\/Portada-FACISA-300x194.png 300w\" sizes=\"(max-width: 360px) 100vw, 360px\" \/>\t\t\t\t\t\t\t\t<\/a>\n\t\t\t\t\t\t\t\t\t\t\t\t\t\t\t<\/div>\n\t\t\t\t<\/div>\n\t\t\t\t<\/div>\n\t\t\t\t\t<\/div>\n\t\t\t\t<\/div>\n\t\t<div class=\"elementor-element elementor-element-cfe2e36 e-flex e-con-boxed e-con e-parent\" data-id=\"cfe2e36\" data-element_type=\"container\">\n\t\t\t\t\t<div class=\"e-con-inner\">\n\t\t<div class=\"elementor-element elementor-element-010028a e-con-full e-flex e-con e-child\" data-id=\"010028a\" data-element_type=\"container\">\n\t\t\t\t<div class=\"elementor-element elementor-element-73ed8d0 elementor-widget elementor-widget-image\" data-id=\"73ed8d0\" data-element_type=\"widget\" data-widget_type=\"image.default\">\n\t\t\t\t<div class=\"elementor-widget-container\">\n\t\t\t\t\t\t\t\t\t\t\t\t\t\t\t\t<a href=\"http:\/\/investigacion.une.edu.py\/inves\/?p=3021\">\n\t\t\t\t\t\t\t<img loading=\"lazy\" decoding=\"async\" width=\"360\" height=\"233\" src=\"http:\/\/investigacion.une.edu.py\/wp-content\/uploads\/2025\/06\/Portada-convocatoria-XIII-JJI-UNE.png\" class=\"attachment-large size-large wp-image-3039\" alt=\"\" srcset=\"http:\/\/investigacion.une.edu.py\/wp-content\/uploads\/2025\/06\/Portada-convocatoria-XIII-JJI-UNE.png 360w, http:\/\/investigacion.une.edu.py\/wp-content\/uploads\/2025\/06\/Portada-convocatoria-XIII-JJI-UNE-300x194.png 300w\" sizes=\"(max-width: 360px) 100vw, 360px\" \/>\t\t\t\t\t\t\t\t<\/a>\n\t\t\t\t\t\t\t\t\t\t\t\t\t\t\t<\/div>\n\t\t\t\t<\/div>\n\t\t\t\t<\/div>\n\t\t<div class=\"elementor-element elementor-element-7aaebe0 e-con-full e-flex e-con e-child\" data-id=\"7aaebe0\" data-element_type=\"container\">\n\t\t\t\t<div class=\"elementor-element elementor-element-d068b2f elementor-widget elementor-widget-image\" data-id=\"d068b2f\" data-element_type=\"widget\" data-widget_type=\"image.default\">\n\t\t\t\t<div class=\"elementor-widget-container\">\n\t\t\t\t\t\t\t\t\t\t\t\t\t\t\t<img loading=\"lazy\" decoding=\"async\" width=\"360\" height=\"233\" src=\"http:\/\/investigacion.une.edu.py\/wp-content\/uploads\/2025\/05\/1.-Portada-Foro-cientifico.png\" class=\"attachment-large size-large wp-image-2990\" alt=\"\" srcset=\"http:\/\/investigacion.une.edu.py\/wp-content\/uploads\/2025\/05\/1.-Portada-Foro-cientifico.png 360w, http:\/\/investigacion.une.edu.py\/wp-content\/uploads\/2025\/05\/1.-Portada-Foro-cientifico-300x194.png 300w\" sizes=\"(max-width: 360px) 100vw, 360px\" \/>\t\t\t\t\t\t\t\t\t\t\t\t\t\t\t<\/div>\n\t\t\t\t<\/div>\n\t\t\t\t<\/div>\n\t\t<div class=\"elementor-element elementor-element-b989226 e-con-full e-flex e-con e-child\" data-id=\"b989226\" data-element_type=\"container\">\n\t\t\t\t<div class=\"elementor-element elementor-element-e0ab0a3 elementor-widget elementor-widget-image\" data-id=\"e0ab0a3\" data-element_type=\"widget\" data-widget_type=\"image.default\">\n\t\t\t\t<div class=\"elementor-widget-container\">\n\t\t\t\t\t\t\t\t\t\t\t\t\t\t\t<img loading=\"lazy\" decoding=\"async\" width=\"360\" height=\"233\" src=\"http:\/\/investigacion.une.edu.py\/wp-content\/uploads\/2025\/04\/21.png\" class=\"attachment-large size-large wp-image-2806\" alt=\"\" srcset=\"http:\/\/investigacion.une.edu.py\/wp-content\/uploads\/2025\/04\/21.png 360w, http:\/\/investigacion.une.edu.py\/wp-content\/uploads\/2025\/04\/21-300x194.png 300w\" sizes=\"(max-width: 360px) 100vw, 360px\" \/>\t\t\t\t\t\t\t\t\t\t\t\t\t\t\t<\/div>\n\t\t\t\t<\/div>\n\t\t\t\t<\/div>\n\t\t\t\t\t<\/div>\n\t\t\t\t<\/div>\n\t\t<div class=\"elementor-element elementor-element-e0a256c e-flex e-con-boxed e-con e-parent\" data-id=\"e0a256c\" data-element_type=\"container\">\n\t\t\t\t\t<div class=\"e-con-inner\">\n\t\t\t\t<div class=\"elementor-element elementor-element-1df673b elementor-widget elementor-widget-heading\" data-id=\"1df673b\" data-element_type=\"widget\" data-widget_type=\"heading.default\">\n\t\t\t\t<div class=\"elementor-widget-container\">\n\t\t\t\t\t<h2 class=\"elementor-heading-title elementor-size-default\">A\u00f1o 2024<\/h2>\t\t\t\t<\/div>\n\t\t\t\t<\/div>\n\t\t\t\t<div class=\"elementor-element elementor-element-1e527c0 elementor-widget-divider--view-line elementor-widget elementor-widget-divider\" data-id=\"1e527c0\" data-element_type=\"widget\" data-widget_type=\"divider.default\">\n\t\t\t\t<div class=\"elementor-widget-container\">\n\t\t\t\t\t\t\t<div class=\"elementor-divider\">\n\t\t\t<span class=\"elementor-divider-separator\">\n\t\t\t\t\t\t<\/span>\n\t\t<\/div>\n\t\t\t\t\t\t<\/div>\n\t\t\t\t<\/div>\n\t\t\t\t\t<\/div>\n\t\t\t\t<\/div>\n\t\t<div class=\"elementor-element elementor-element-fa31e97 e-flex e-con-boxed e-con e-parent\" data-id=\"fa31e97\" data-element_type=\"container\">\n\t\t\t\t\t<div class=\"e-con-inner\">\n\t\t<div class=\"elementor-element elementor-element-3b2177d e-con-full e-flex e-con e-child\" data-id=\"3b2177d\" data-element_type=\"container\">\n\t\t\t\t<div class=\"elementor-element elementor-element-aa824e5 elementor-widget elementor-widget-image\" data-id=\"aa824e5\" data-element_type=\"widget\" data-widget_type=\"image.default\">\n\t\t\t\t<div class=\"elementor-widget-container\">\n\t\t\t\t\t\t\t\t\t\t\t\t\t\t\t<img loading=\"lazy\" decoding=\"async\" width=\"350\" height=\"293\" src=\"http:\/\/investigacion.une.edu.py\/wp-content\/uploads\/2025\/04\/jji24-fill-350x293-1.jpg\" class=\"attachment-full size-full wp-image-2692\" alt=\"\" srcset=\"http:\/\/investigacion.une.edu.py\/wp-content\/uploads\/2025\/04\/jji24-fill-350x293-1.jpg 350w, http:\/\/investigacion.une.edu.py\/wp-content\/uploads\/2025\/04\/jji24-fill-350x293-1-300x251.jpg 300w\" sizes=\"(max-width: 350px) 100vw, 350px\" \/>\t\t\t\t\t\t\t\t\t\t\t\t\t\t\t<\/div>\n\t\t\t\t<\/div>\n\t\t\t\t<\/div>\n\t\t<div class=\"elementor-element elementor-element-e7fe724 e-con-full e-flex e-con e-child\" data-id=\"e7fe724\" data-element_type=\"container\">\n\t\t\t\t<div class=\"elementor-element elementor-element-71c952e elementor-widget elementor-widget-image\" data-id=\"71c952e\" data-element_type=\"widget\" data-widget_type=\"image.default\">\n\t\t\t\t<div class=\"elementor-widget-container\">\n\t\t\t\t\t\t\t\t\t\t\t\t\t\t\t<img loading=\"lazy\" decoding=\"async\" width=\"1440\" height=\"1207\" src=\"http:\/\/investigacion.une.edu.py\/wp-content\/uploads\/2024\/10\/ect_2024_net.jpg\" class=\"attachment-full size-full wp-image-2435\" alt=\"\" \/>\t\t\t\t\t\t\t\t\t\t\t\t\t\t\t<\/div>\n\t\t\t\t<\/div>\n\t\t\t\t<\/div>\n\t\t<div class=\"elementor-element elementor-element-30a7bfd e-con-full e-flex e-con e-child\" data-id=\"30a7bfd\" data-element_type=\"container\">\n\t\t\t\t<div class=\"elementor-element elementor-element-e42712c elementor-widget elementor-widget-image\" data-id=\"e42712c\" data-element_type=\"widget\" data-widget_type=\"image.default\">\n\t\t\t\t<div class=\"elementor-widget-container\">\n\t\t\t\t\t\t\t\t\t\t\t\t\t\t\t<img loading=\"lazy\" decoding=\"async\" width=\"526\" height=\"526\" src=\"http:\/\/investigacion.une.edu.py\/wp-content\/uploads\/2024\/10\/divul_cientifica.jpg\" class=\"attachment-full size-full wp-image-2388\" alt=\"\" \/>\t\t\t\t\t\t\t\t\t\t\t\t\t\t\t<\/div>\n\t\t\t\t<\/div>\n\t\t\t\t<\/div>\n\t\t\t\t\t<\/div>\n\t\t\t\t<\/div>\n\t\t<div class=\"elementor-element elementor-element-d006360 e-flex e-con-boxed e-con e-parent\" data-id=\"d006360\" data-element_type=\"container\">\n\t\t\t\t\t<div class=\"e-con-inner\">\n\t\t<div class=\"elementor-element elementor-element-4089145 e-con-full e-flex e-con e-child\" data-id=\"4089145\" data-element_type=\"container\">\n\t\t\t\t<\/div>\n\t\t<div class=\"elementor-element elementor-element-76c9f5f e-con-full e-flex e-con e-child\" data-id=\"76c9f5f\" data-element_type=\"container\">\n\t\t\t\t<\/div>\n\t\t<div class=\"elementor-element elementor-element-04b5d09 e-con-full e-flex e-con e-child\" data-id=\"04b5d09\" data-element_type=\"container\">\n\t\t\t\t<\/div>\n\t\t\t\t\t<\/div>\n\t\t\t\t<\/div>\n\t\t<div class=\"elementor-element elementor-element-ebf8efc e-flex e-con-boxed e-con e-parent\" data-id=\"ebf8efc\" data-element_type=\"container\">\n\t\t\t\t\t<div class=\"e-con-inner\">\n\t\t<div class=\"elementor-element elementor-element-d2fb84b e-con-full e-flex e-con e-child\" data-id=\"d2fb84b\" data-element_type=\"container\">\n\t\t\t\t<\/div>\n\t\t<div class=\"elementor-element elementor-element-c1989a9 e-con-full e-flex e-con e-child\" data-id=\"c1989a9\" data-element_type=\"container\">\n\t\t\t\t<\/div>\n\t\t\t\t\t<\/div>\n\t\t\t\t<\/div>\n\t\t<div class=\"elementor-element elementor-element-d1ccd8b e-flex e-con-boxed e-con e-parent\" data-id=\"d1ccd8b\" data-element_type=\"container\">\n\t\t\t\t\t<div class=\"e-con-inner\">\n\t\t\t\t\t<\/div>\n\t\t\t\t<\/div>\n\t\t\t\t<\/div>\n\t\t","protected":false},"excerpt":{"rendered":"<p>Eventos cient\u00edficos internos A\u00f1o 2025 A\u00f1o 2024<\/p>\n","protected":false},"author":1,"featured_media":0,"parent":0,"menu_order":0,"comment_status":"closed","ping_status":"closed","template":"","meta":{"site-sidebar-layout":"no-sidebar","site-content-layout":"page-builder","ast-site-content-layout":"full-width-container","site-content-style":"default","site-sidebar-style":"default","ast-global-header-display":"","ast-banner-title-visibility":"","ast-main-header-display":"","ast-hfb-above-header-display":"","ast-hfb-below-header-display":"","ast-hfb-mobile-header-display":"","site-post-title":"disabled","ast-breadcrumbs-content":"","ast-featured-img":"disabled","footer-sml-layout":"","theme-transparent-header-meta":"","adv-header-id-meta":"","stick-header-meta":"","header-above-stick-meta":"","header-main-stick-meta":"","header-below-stick-meta":"","astra-migrate-meta-layouts":"default","ast-page-background-enabled":"default","ast-page-background-meta":{"desktop":{"background-color":"var(--ast-global-color-4)","background-image":"","background-repeat":"repeat","background-position":"center center","background-size":"auto","background-attachment":"scroll","background-type":"","background-media":"","overlay-type":"","overlay-color":"","overlay-opacity":"","overlay-gradient":""},"tablet":{"background-color":"","background-image":"","background-repeat":"repeat","background-position":"center center","background-size":"auto","background-attachment":"scroll","background-type":"","background-media":"","overlay-type":"","overlay-color":"","overlay-opacity":"","overlay-gradient":""},"mobile":{"background-color":"","background-image":"","background-repeat":"repeat","background-position":"center center","background-size":"auto","background-attachment":"scroll","background-type":"","background-media":"","overlay-type":"","overlay-color":"","overlay-opacity":"","overlay-gradient":""}},"ast-content-background-meta":{"desktop":{"background-color":"var(--ast-global-color-5)","background-image":"","background-repeat":"repeat","background-position":"center center","background-size":"auto","background-attachment":"scroll","background-type":"","background-media":"","overlay-type":"","overlay-color":"","overlay-opacity":"","overlay-gradient":""},"tablet":{"background-color":"var(--ast-global-color-5)","background-image":"","background-repeat":"repeat","background-position":"center center","background-size":"auto","background-attachment":"scroll","background-type":"","background-media":"","overlay-type":"","overlay-color":"","overlay-opacity":"","overlay-gradient":""},"mobile":{"background-color":"var(--ast-global-color-5)","background-image":"","background-repeat":"repeat","background-position":"center center","background-size":"auto","background-attachment":"scroll","background-type":"","background-media":"","overlay-type":"","overlay-color":"","overlay-opacity":"","overlay-gradient":""}},"footnotes":""},"class_list":["post-1979","page","type-page","status-publish","hentry"],"_links":{"self":[{"href":"http:\/\/investigacion.une.edu.py\/index.php?rest_route=\/wp\/v2\/pages\/1979","targetHints":{"allow":["GET"]}}],"collection":[{"href":"http:\/\/investigacion.une.edu.py\/index.php?rest_route=\/wp\/v2\/pages"}],"about":[{"href":"http:\/\/investigacion.une.edu.py\/index.php?rest_route=\/wp\/v2\/types\/page"}],"author":[{"embeddable":true,"href":"http:\/\/investigacion.une.edu.py\/index.php?rest_route=\/wp\/v2\/users\/1"}],"replies":[{"embeddable":true,"href":"http:\/\/investigacion.une.edu.py\/index.php?rest_route=%2Fwp%2Fv2%2Fcomments&post=1979"}],"version-history":[{"count":114,"href":"http:\/\/investigacion.une.edu.py\/index.php?rest_route=\/wp\/v2\/pages\/1979\/revisions"}],"predecessor-version":[{"id":3194,"href":"http:\/\/investigacion.une.edu.py\/index.php?rest_route=\/wp\/v2\/pages\/1979\/revisions\/3194"}],"wp:attachment":[{"href":"http:\/\/investigacion.une.edu.py\/index.php?rest_route=%2Fwp%2Fv2%2Fmedia&parent=1979"}],"curies":[{"name":"wp","href":"https:\/\/api.w.org\/{rel}","templated":true}]}}