{"id":2264,"date":"2024-10-01T09:24:39","date_gmt":"2024-10-01T13:24:39","guid":{"rendered":"http:\/\/investigacion.une.edu.py\/inves\/?page_id=2264"},"modified":"2024-10-01T10:13:06","modified_gmt":"2024-10-01T14:13:06","slug":"portal-de-repositorio-augm","status":"publish","type":"page","link":"http:\/\/investigacion.une.edu.py\/?page_id=2264","title":{"rendered":"Portal de repositorio AUGM"},"content":{"rendered":"\t\t<div data-elementor-type=\"wp-page\" data-elementor-id=\"2264\" class=\"elementor elementor-2264\" data-elementor-post-type=\"page\">\n\t\t\t\t<div class=\"elementor-element elementor-element-b6acfc9 e-flex e-con-boxed e-con e-parent\" data-id=\"b6acfc9\" data-element_type=\"container\" data-settings=\"{&quot;background_background&quot;:&quot;classic&quot;}\">\n\t\t\t\t\t<div class=\"e-con-inner\">\n\t\t\t\t<div class=\"elementor-element elementor-element-82a0956 elementor-widget elementor-widget-heading\" data-id=\"82a0956\" data-element_type=\"widget\" data-widget_type=\"heading.default\">\n\t\t\t\t<div class=\"elementor-widget-container\">\n\t\t\t\t\t<h1 class=\"elementor-heading-title elementor-size-default\">Portal de repositorios digitales <\/h1>\t\t\t\t<\/div>\n\t\t\t\t<\/div>\n\t\t\t\t<div class=\"elementor-element elementor-element-c573711 elementor-widget elementor-widget-heading\" data-id=\"c573711\" data-element_type=\"widget\" data-widget_type=\"heading.default\">\n\t\t\t\t<div class=\"elementor-widget-container\">\n\t\t\t\t\t<h2 class=\"elementor-heading-title elementor-size-default\">ASOCIACI\u00d3N DE UNIVERSIDADES DEL GRUPO MONTEVIDEO \u2013 AUGM<\/h2>\t\t\t\t<\/div>\n\t\t\t\t<\/div>\n\t\t\t\t\t<\/div>\n\t\t\t\t<\/div>\n\t\t<div class=\"elementor-element elementor-element-9414595 e-flex e-con-boxed e-con e-parent\" data-id=\"9414595\" data-element_type=\"container\">\n\t\t\t\t\t<div class=\"e-con-inner\">\n\t\t\t\t<div class=\"elementor-element elementor-element-c10cff2 elementor-widget elementor-widget-image\" data-id=\"c10cff2\" data-element_type=\"widget\" data-widget_type=\"image.default\">\n\t\t\t\t<div class=\"elementor-widget-container\">\n\t\t\t\t\t\t\t\t\t\t\t\t\t\t\t<img fetchpriority=\"high\" decoding=\"async\" width=\"866\" height=\"345\" src=\"http:\/\/investigacion.une.edu.py\/wp-content\/uploads\/2024\/10\/banderas.png\" class=\"attachment-large size-large wp-image-2300\" alt=\"\" \/>\t\t\t\t\t\t\t\t\t\t\t\t\t\t\t<\/div>\n\t\t\t\t<\/div>\n\t\t\t\t\t<\/div>\n\t\t\t\t<\/div>\n\t\t<div class=\"elementor-element elementor-element-5dafdfc e-flex e-con-boxed e-con e-parent\" data-id=\"5dafdfc\" data-element_type=\"container\">\n\t\t\t\t\t<div class=\"e-con-inner\">\n\t\t\t\t<div class=\"elementor-element elementor-element-4d30aeb elementor-widget elementor-widget-text-editor\" data-id=\"4d30aeb\" data-element_type=\"widget\" data-widget_type=\"text-editor.default\">\n\t\t\t\t<div class=\"elementor-widget-container\">\n\t\t\t\t\t\t\t\t\t<p>El portal es un aporte de la <em><strong>Direcci\u00f3n General de Investigaci\u00f3n del Rectorado de la Universidad Nacional del Este<\/strong><\/em>, creado con el objetivo de facilitar el acceso a la producci\u00f3n cient\u00edfica y acad\u00e9mica de las <em><strong>Universidades Miembros de la Asociaci\u00f3n de Universidades del Grupo Montevideo \u2013 AUGM<\/strong><\/em>.<\/p><p>Los repositorios basados en el modelo de acceso abierto permiten disponer en forma gratuita y segura para los investigadores.<\/p>\t\t\t\t\t\t\t\t<\/div>\n\t\t\t\t<\/div>\n\t\t\t\t\t<\/div>\n\t\t\t\t<\/div>\n\t\t<div class=\"elementor-element elementor-element-b7b4f83 e-flex e-con-boxed e-con e-parent\" data-id=\"b7b4f83\" data-element_type=\"container\">\n\t\t\t\t\t<div class=\"e-con-inner\">\n\t\t\t\t<div class=\"elementor-element elementor-element-c480c82 elementor-widget elementor-widget-heading\" data-id=\"c480c82\" data-element_type=\"widget\" data-widget_type=\"heading.default\">\n\t\t\t\t<div class=\"elementor-widget-container\">\n\t\t\t\t\t<h2 class=\"elementor-heading-title elementor-size-default\">Universidades miembros<\/h2>\t\t\t\t<\/div>\n\t\t\t\t<\/div>\n\t\t\t\t\t<\/div>\n\t\t\t\t<\/div>\n\t\t<div class=\"elementor-element elementor-element-9fc10f9 e-flex e-con-boxed e-con e-parent\" data-id=\"9fc10f9\" data-element_type=\"container\">\n\t\t\t\t\t<div class=\"e-con-inner\">\n\t\t<div class=\"elementor-element elementor-element-dc87502 e-con-full e-flex e-con e-child\" data-id=\"dc87502\" data-element_type=\"container\">\n\t\t\t\t<div class=\"elementor-element elementor-element-8448db4 elementor-tabs-view-horizontal elementor-widget elementor-widget-tabs\" data-id=\"8448db4\" data-element_type=\"widget\" data-widget_type=\"tabs.default\">\n\t\t\t\t<div class=\"elementor-widget-container\">\n\t\t\t\t\t\t\t<div class=\"elementor-tabs\">\n\t\t\t<div class=\"elementor-tabs-wrapper\" role=\"tablist\" >\n\t\t\t\t\t\t\t\t\t<div id=\"elementor-tab-title-1381\" class=\"elementor-tab-title elementor-tab-desktop-title\" aria-selected=\"true\" data-tab=\"1\" role=\"tab\" tabindex=\"0\" aria-controls=\"elementor-tab-content-1381\" aria-expanded=\"false\">Paraguay<\/div>\n\t\t\t\t\t\t\t\t\t<div id=\"elementor-tab-title-1382\" class=\"elementor-tab-title elementor-tab-desktop-title\" aria-selected=\"false\" data-tab=\"2\" role=\"tab\" tabindex=\"-1\" aria-controls=\"elementor-tab-content-1382\" aria-expanded=\"false\">Brasil<\/div>\n\t\t\t\t\t\t\t\t\t<div id=\"elementor-tab-title-1383\" class=\"elementor-tab-title elementor-tab-desktop-title\" aria-selected=\"false\" data-tab=\"3\" role=\"tab\" tabindex=\"-1\" aria-controls=\"elementor-tab-content-1383\" aria-expanded=\"false\">Bolivia<\/div>\n\t\t\t\t\t\t\t\t\t<div id=\"elementor-tab-title-1384\" class=\"elementor-tab-title elementor-tab-desktop-title\" aria-selected=\"false\" data-tab=\"4\" role=\"tab\" tabindex=\"-1\" aria-controls=\"elementor-tab-content-1384\" aria-expanded=\"false\">Argentina<\/div>\n\t\t\t\t\t\t\t\t\t<div id=\"elementor-tab-title-1385\" class=\"elementor-tab-title elementor-tab-desktop-title\" aria-selected=\"false\" data-tab=\"5\" role=\"tab\" tabindex=\"-1\" aria-controls=\"elementor-tab-content-1385\" aria-expanded=\"false\">Uruguay<\/div>\n\t\t\t\t\t\t\t\t\t<div id=\"elementor-tab-title-1386\" class=\"elementor-tab-title elementor-tab-desktop-title\" aria-selected=\"false\" data-tab=\"6\" role=\"tab\" tabindex=\"-1\" aria-controls=\"elementor-tab-content-1386\" aria-expanded=\"false\">Chile<\/div>\n\t\t\t\t\t\t\t<\/div>\n\t\t\t<div class=\"elementor-tabs-content-wrapper\" role=\"tablist\" aria-orientation=\"vertical\">\n\t\t\t\t\t\t\t\t\t<div class=\"elementor-tab-title elementor-tab-mobile-title\" aria-selected=\"true\" data-tab=\"1\" role=\"tab\" tabindex=\"0\" aria-controls=\"elementor-tab-content-1381\" aria-expanded=\"false\">Paraguay<\/div>\n\t\t\t\t\t<div id=\"elementor-tab-content-1381\" class=\"elementor-tab-content elementor-clearfix\" data-tab=\"1\" role=\"tabpanel\" aria-labelledby=\"elementor-tab-title-1381\" tabindex=\"0\" hidden=\"false\"><p><a href=\"http:\/\/revistas.une.edu.py\/\">Universidad Nacional del Este (UNE)<\/a><br \/>Universidad Nacional de Concepci\u00f3n (UNC)<br \/><a href=\"https:\/\/revistascientificas.una.py\/\">Universidad Nacional de Asunci\u00f3n (UNA)<\/a><br \/><a href=\"http:\/\/publicaciones.uni.edu.py\/index.php\/eisa\">Universidad Nacional de Itap\u00faa (UNI)<\/a><\/p><\/div>\n\t\t\t\t\t\t\t\t\t<div class=\"elementor-tab-title elementor-tab-mobile-title\" aria-selected=\"false\" data-tab=\"2\" role=\"tab\" tabindex=\"-1\" aria-controls=\"elementor-tab-content-1382\" aria-expanded=\"false\">Brasil<\/div>\n\t\t\t\t\t<div id=\"elementor-tab-content-1382\" class=\"elementor-tab-content elementor-clearfix\" data-tab=\"2\" role=\"tabpanel\" aria-labelledby=\"elementor-tab-title-1382\" tabindex=\"0\" hidden=\"hidden\"><p><a href=\"http:\/\/portal.biblioteca.ufabc.edu.br\/publicacoes\">Universidade Federal do ABC (UFABC)<\/a><br \/><a href=\"https:\/\/www.furg.br\/component\/tags\/tag\/revista\">Universidade Federal do Rio Grande (FURG)<\/a><br \/><a href=\"https:\/\/www.revistas.ufg.br\/\">Universidade Federal de Goi\u00e1s (UFG)<\/a><br \/><a href=\"https:\/\/www.ufmg.br\/revistaufmg\/\">Universidade Federal de Minas Gerais (UFMG)<\/a><br \/><a href=\"https:\/\/revistas.ufpr.br\/\">Universidade Federal do Paran\u00e1 (UFPR)<\/a><br \/><a href=\"http:\/\/www.ufrgs.br\/periodicos\">Universidade Federal do Rio Grande do Sul (UFRGS)<\/a><br \/><a href=\"https:\/\/revistas.ufrj.br\/\">Universidade Federal do Rio de Janeiro (UFRJ)<\/a><br \/><a href=\"http:\/\/periodicos.bu.ufsc.br\/periodicos-de-a-a-z\/\">Universidade Federal de Santa Catarina (UFSC)<\/a><br \/><a href=\"http:\/\/www.periodicos.ufscar.br\/periodicos-ufscar\">Universidade Federal de S\u00e3o Carlos (UFSCar)<\/a><br \/><a href=\"https:\/\/periodicos.ufsm.br\/\">Universidade Federal de Santa Maria (UFSM)<\/a><br \/><a href=\"https:\/\/periodicos.unb.br\/\">Universidade de Bras\u00edlia (UnB)<\/a><br \/><a href=\"https:\/\/www.periodicos.rc.biblioteca.unesp.br\/\">Universidade Estadual Paulista (UNESP)<\/a><br \/><a href=\"https:\/\/www.sbu.unicamp.br\/sbu\/portal-de-periodicos-eletronicos-cientificos-da-unicamp-ppec\/\">Universidade Estadual de Campinas (UNICAMP)<\/a><br \/><a href=\"https:\/\/periodicos.unifesp.br\/\">Universidade Federal de S\u00e3o Paulo (UNIFESP)<\/a><br \/><a href=\"https:\/\/www5.usp.br\/tag\/portal-de-revistas-da-usp\/\">Universidade de S\u00e3o Paulo (USP)<\/a><\/p><\/div>\n\t\t\t\t\t\t\t\t\t<div class=\"elementor-tab-title elementor-tab-mobile-title\" aria-selected=\"false\" data-tab=\"3\" role=\"tab\" tabindex=\"-1\" aria-controls=\"elementor-tab-content-1383\" aria-expanded=\"false\">Bolivia<\/div>\n\t\t\t\t\t<div id=\"elementor-tab-content-1383\" class=\"elementor-tab-content elementor-clearfix\" data-tab=\"3\" role=\"tabpanel\" aria-labelledby=\"elementor-tab-title-1383\" tabindex=\"0\" hidden=\"hidden\"><p><a href=\"https:\/\/repositorio.umsa.bo\/handle\/123456789\/1461\">Universidad Mayor de San Andr\u00e9s (UMSA)<\/a><br \/><a href=\"http:\/\/revistas.usfx.bo\/index.php\/index\">Universidad Mayor, Real y Pontificia de San Francisco Xavier de Chuquisaca (UMRPSFXCH)<\/a><\/p><\/div>\n\t\t\t\t\t\t\t\t\t<div class=\"elementor-tab-title elementor-tab-mobile-title\" aria-selected=\"false\" data-tab=\"4\" role=\"tab\" tabindex=\"-1\" aria-controls=\"elementor-tab-content-1384\" aria-expanded=\"false\">Argentina<\/div>\n\t\t\t\t\t<div id=\"elementor-tab-content-1384\" class=\"elementor-tab-content elementor-clearfix\" data-tab=\"4\" role=\"tabpanel\" aria-labelledby=\"elementor-tab-title-1384\" tabindex=\"0\" hidden=\"hidden\"><p><a href=\"http:\/\/repositoriouba.sisbi.uba.ar\/gsdl\/cgi-bin\/library.cgi?e=p-10000-00---off-0--00-----0-10-0---0---0direct-10----4-------0-1l--10-es-Zz-1---20-home---0--1-00-00--4----0-0-01-00-0utfZz-8-00&amp;a=p&amp;p=about&amp;c=revis\">Universidad de Buenos Aires (UBA)<\/a><br \/><a href=\"https:\/\/revistas.unc.edu.ar\/\">Universidad Nacional de C\u00f3rdoba (UNC)<\/a><br \/><a href=\"http:\/\/revistas.uncu.edu.ar\/ojs3\/index.php\">Universidad Nacional de Cuyo (UNCuyo)<\/a><br \/><a href=\"http:\/\/pcient.uner.edu.ar\/\">Universidad Nacional de Entre R\u00edos (UNER)<\/a><br \/><a href=\"https:\/\/www.unl.edu.ar\/academica\/portal-de-revistas-de-la-unl\/\">Universidad Nacional del Litoral (UNL)<\/a><br \/><a href=\"https:\/\/portalderevistas.unlp.edu.ar\/\">Universidad Nacional de La Plata (UNLP)<\/a><br \/>Universidad Nacional de Mar del Plata (UNMdP)<br \/><a href=\"https:\/\/revistas.unne.edu.ar\/\">Universidad Nacional del Nordeste (UNNE)<\/a><br \/><a href=\"http:\/\/www.unnoba.edu.ar\/investigacion-prod\/revista-nucleos\/\">Universidad Nacional del Noroeste de Buenos Aires (UNNOBA)<\/a><br \/>Universidad Nacional de Rosario (UNR)<br \/><a href=\"https:\/\/ediciones.unq.edu.ar\/\">Universidad Nacional de Quilmes (UNQ)<\/a><br \/><a href=\"https:\/\/revistas.uns.edu.ar\/\">Universidad Nacional del Sur (UNS)<\/a><br \/>Universidad Nacional de San Luis (UNSL)<br \/>Universidad Nacional de Tucum\u00e1n (UNT)<\/p><\/div>\n\t\t\t\t\t\t\t\t\t<div class=\"elementor-tab-title elementor-tab-mobile-title\" aria-selected=\"false\" data-tab=\"5\" role=\"tab\" tabindex=\"-1\" aria-controls=\"elementor-tab-content-1385\" aria-expanded=\"false\">Uruguay<\/div>\n\t\t\t\t\t<div id=\"elementor-tab-content-1385\" class=\"elementor-tab-content elementor-clearfix\" data-tab=\"5\" role=\"tabpanel\" aria-labelledby=\"elementor-tab-title-1385\" tabindex=\"0\" hidden=\"hidden\"><p>Universidad de la Rep\u00fablica (UDELAR)<\/p><\/div>\n\t\t\t\t\t\t\t\t\t<div class=\"elementor-tab-title elementor-tab-mobile-title\" aria-selected=\"false\" data-tab=\"6\" role=\"tab\" tabindex=\"-1\" aria-controls=\"elementor-tab-content-1386\" aria-expanded=\"false\">Chile<\/div>\n\t\t\t\t\t<div id=\"elementor-tab-content-1386\" class=\"elementor-tab-content elementor-clearfix\" data-tab=\"6\" role=\"tabpanel\" aria-labelledby=\"elementor-tab-title-1386\" tabindex=\"0\" hidden=\"hidden\"><p><a href=\"https:\/\/revistas.uchile.cl\/\">Universidad de Chile (UChile)<\/a><br \/><a href=\"https:\/\/www.upla.cl\/bibliotecas\/revistas-upla\/\">Universidad de Playa Ancha (UPLA)<\/a><br \/><a href=\"http:\/\/www.revistas.usach.cl\/ojs\/\">Universidad de Santiago de Chile (USACH)<\/a><br \/><a href=\"https:\/\/revistas.uv.cl\/\">Universidad de Valpara\u00edso (UV)<\/a><\/p><\/div>\n\t\t\t\t\t\t\t<\/div>\n\t\t<\/div>\n\t\t\t\t\t\t<\/div>\n\t\t\t\t<\/div>\n\t\t\t\t<\/div>\n\t\t\t\t\t<\/div>\n\t\t\t\t<\/div>\n\t\t\t\t<\/div>\n\t\t","protected":false},"excerpt":{"rendered":"<p>Portal de repositorios digitales ASOCIACI\u00d3N DE UNIVERSIDADES DEL GRUPO MONTEVIDEO \u2013 AUGM El portal es un aporte de la Direcci\u00f3n General de Investigaci\u00f3n del Rectorado de la Universidad Nacional del Este, creado con el objetivo de facilitar el acceso a la producci\u00f3n cient\u00edfica y acad\u00e9mica de las Universidades Miembros de la Asociaci\u00f3n de Universidades del [&hellip;]<\/p>\n","protected":false},"author":1,"featured_media":0,"parent":0,"menu_order":0,"comment_status":"closed","ping_status":"closed","template":"","meta":{"site-sidebar-layout":"no-sidebar","site-content-layout":"page-builder","ast-site-content-layout":"full-width-container","site-content-style":"default","site-sidebar-style":"default","ast-global-header-display":"","ast-banner-title-visibility":"","ast-main-header-display":"","ast-hfb-above-header-display":"","ast-hfb-below-header-display":"","ast-hfb-mobile-header-display":"","site-post-title":"disabled","ast-breadcrumbs-content":"","ast-featured-img":"disabled","footer-sml-layout":"","theme-transparent-header-meta":"","adv-header-id-meta":"","stick-header-meta":"","header-above-stick-meta":"","header-main-stick-meta":"","header-below-stick-meta":"","astra-migrate-meta-layouts":"default","ast-page-background-enabled":"default","ast-page-background-meta":{"desktop":{"background-color":"var(--ast-global-color-4)","background-image":"","background-repeat":"repeat","background-position":"center center","background-size":"auto","background-attachment":"scroll","background-type":"","background-media":"","overlay-type":"","overlay-color":"","overlay-opacity":"","overlay-gradient":""},"tablet":{"background-color":"","background-image":"","background-repeat":"repeat","background-position":"center center","background-size":"auto","background-attachment":"scroll","background-type":"","background-media":"","overlay-type":"","overlay-color":"","overlay-opacity":"","overlay-gradient":""},"mobile":{"background-color":"","background-image":"","background-repeat":"repeat","background-position":"center center","background-size":"auto","background-attachment":"scroll","background-type":"","background-media":"","overlay-type":"","overlay-color":"","overlay-opacity":"","overlay-gradient":""}},"ast-content-background-meta":{"desktop":{"background-color":"var(--ast-global-color-5)","background-image":"","background-repeat":"repeat","background-position":"center center","background-size":"auto","background-attachment":"scroll","background-type":"","background-media":"","overlay-type":"","overlay-color":"","overlay-opacity":"","overlay-gradient":""},"tablet":{"background-color":"var(--ast-global-color-5)","background-image":"","background-repeat":"repeat","background-position":"center center","background-size":"auto","background-attachment":"scroll","background-type":"","background-media":"","overlay-type":"","overlay-color":"","overlay-opacity":"","overlay-gradient":""},"mobile":{"background-color":"var(--ast-global-color-5)","background-image":"","background-repeat":"repeat","background-position":"center center","background-size":"auto","background-attachment":"scroll","background-type":"","background-media":"","overlay-type":"","overlay-color":"","overlay-opacity":"","overlay-gradient":""}},"footnotes":""},"class_list":["post-2264","page","type-page","status-publish","hentry"],"_links":{"self":[{"href":"http:\/\/investigacion.une.edu.py\/index.php?rest_route=\/wp\/v2\/pages\/2264","targetHints":{"allow":["GET"]}}],"collection":[{"href":"http:\/\/investigacion.une.edu.py\/index.php?rest_route=\/wp\/v2\/pages"}],"about":[{"href":"http:\/\/investigacion.une.edu.py\/index.php?rest_route=\/wp\/v2\/types\/page"}],"author":[{"embeddable":true,"href":"http:\/\/investigacion.une.edu.py\/index.php?rest_route=\/wp\/v2\/users\/1"}],"replies":[{"embeddable":true,"href":"http:\/\/investigacion.une.edu.py\/index.php?rest_route=%2Fwp%2Fv2%2Fcomments&post=2264"}],"version-history":[{"count":33,"href":"http:\/\/investigacion.une.edu.py\/index.php?rest_route=\/wp\/v2\/pages\/2264\/revisions"}],"predecessor-version":[{"id":2313,"href":"http:\/\/investigacion.une.edu.py\/index.php?rest_route=\/wp\/v2\/pages\/2264\/revisions\/2313"}],"wp:attachment":[{"href":"http:\/\/investigacion.une.edu.py\/index.php?rest_route=%2Fwp%2Fv2%2Fmedia&parent=2264"}],"curies":[{"name":"wp","href":"https:\/\/api.w.org\/{rel}","templated":true}]}}